{"id":5457,"date":"2024-02-01T15:00:55","date_gmt":"2024-02-01T15:00:55","guid":{"rendered":"https:\/\/www.restauracjafilharmonia.pl\/?page_id=5457"},"modified":"2024-02-02T14:18:54","modified_gmt":"2024-02-02T14:18:54","slug":"cocktail-party","status":"publish","type":"page","link":"https:\/\/www.restauracjafilharmonia.pl\/en\/cocktail-party\/","title":{"rendered":"Cocktail party"},"content":{"rendered":"\n<div style=\"height:100px\" aria-hidden=\"true\" class=\"wp-block-spacer\"><\/div>\n\n\n\n<h2 class=\"wp-block-heading has-text-align-center\"><strong>OFFER FOR ORGANIZING COKTAIL PARTY 2024<\/strong><\/h2>\n\n\n\n<p class=\"has-text-align-center\"><br><br><strong>A cocktail party is a great opportunity to spend time in a casual, pleasant atmosphere and taste sophisticated cuisine specialties served in a quick, comfortable way. We will prepare menu in the form of Finger Foods for a Reception Party, Opening of the facility, Inauguration or any other occasion. We will provide service, necessary equipment and even help you find a place for your event.<\/strong><br><br><\/p>\n\n\n\n<h2 class=\"wp-block-heading has-text-align-center\"><strong>MENU I<\/strong><\/h2>\n\n\n\n<p class=\"has-text-align-center\"><strong>Warm snacks such as Finger Food \u2013 5 pcs\/person<\/strong><\/p>\n\n\n\n<p class=\"has-text-align-center\">California plum wrapped in bacon<\/p>\n\n\n\n<p class=\"has-text-align-center\">Mini vegetable spring rolls with oriental sauce<\/p>\n\n\n\n<p class=\"has-text-align-center\">Mini tortillas with vegetables and spicy chicken<\/p>\n\n\n\n<p class=\"has-text-align-center\">Yeast rolls a la pizza<\/p>\n\n\n\n<p class=\"has-text-align-center\">Mushrooms stuffed with couscous and vegetables<\/p>\n\n\n\n<p class=\"has-text-align-center\"><strong>Finger Food snacks \u2013 3 pcs\/person<\/strong><\/p>\n\n\n\n<p class=\"has-text-align-center\">Tartlets with pate and cranberries<\/p>\n\n\n\n<p class=\"has-text-align-center\">Herring tartare on potato plinc<\/p>\n\n\n\n<p class=\"has-text-align-center\">Tartlets with ricotta and sun-dried tomato<\/p>\n\n\n\n<p class=\"has-text-align-center\">Mini crepes with green pea hummus and peppers<\/p>\n\n\n\n<p class=\"has-text-align-center\">Tartlets with ham and leek mousse<\/p>\n\n\n\n<p class=\"has-text-align-center\"><strong>Mini sweets &#8211; 2 pcs<\/strong><\/p>\n\n\n\n<p class=\"has-text-align-center\">Cake with poppy seeds<\/p>\n\n\n\n<p class=\"has-text-align-center\">Cheesecake with peach<\/p>\n\n\n\n<p class=\"has-text-align-center\">Blackberry pie<\/p>\n\n\n\n<p class=\"has-text-align-center\">Walnut cake with chocolate<\/p>\n\n\n\n<p class=\"has-text-align-center\"><strong>Beverages<\/strong><\/p>\n\n\n\n<p class=\"has-text-align-center\">Coffee, tea with additives<\/p>\n\n\n\n<p class=\"has-text-align-center\">Mineral water<\/p>\n\n\n\n<p class=\"has-text-align-center\">Fruit juices (apple, orange)<\/p>\n\n\n\n<p class=\"has-text-align-center\">House white or red wine \u2013 1 glass \/ person<\/p>\n\n\n\n<p class=\"has-text-align-center\"><strong>Price from PLN 149 net\/person<\/strong><br><br><\/p>\n\n\n\n<h2 class=\"wp-block-heading has-text-align-center\"><strong>MENU II<\/strong><\/h2>\n\n\n\n<p class=\"has-text-align-center\"><strong>Warm finger food snacks \u2013 6 pcs\/person<\/strong><\/p>\n\n\n\n<p class=\"has-text-align-center\">Calamari in beer batter<\/p>\n\n\n\n<p class=\"has-text-align-center\">Torpedo shrimps in crispy breadcrumbs<\/p>\n\n\n\n<p class=\"has-text-align-center\">Chorizo in puff pastry<\/p>\n\n\n\n<p class=\"has-text-align-center\">Spinach with ricotta in phyllo dough<\/p>\n\n\n\n<p class=\"has-text-align-center\">Salmon in puff pastry<\/p>\n\n\n\n<p class=\"has-text-align-center\">Yeast rolls a la pizza<\/p>\n\n\n\n<p class=\"has-text-align-center\"><strong>Finger Food snacks \u2013 3 pcs\/person<\/strong><\/p>\n\n\n\n<p class=\"has-text-align-center\">Tartlets with goose liver mousse with cognac<\/p>\n\n\n\n<p class=\"has-text-align-center\">Salmon tartare on toast with capers<\/p>\n\n\n\n<p class=\"has-text-align-center\">Tartlet with duck rilletes and corn salad<\/p>\n\n\n\n<p class=\"has-text-align-center\">Tartlets with bonjur cream and caviar<\/p>\n\n\n\n<p class=\"has-text-align-center\">Green buritto with crab mousse<\/p>\n\n\n\n<p class=\"has-text-align-center\">Grilled zucchini with goat cheese and sun-dried tomatoes<\/p>\n\n\n\n<p class=\"has-text-align-center\"><strong>Mini Sweets &#8211; 2 pcs<\/strong><\/p>\n\n\n\n<p class=\"has-text-align-center\">Mango mousse with mint<\/p>\n\n\n\n<p class=\"has-text-align-center\">Chocolate cake with cherries<\/p>\n\n\n\n<p class=\"has-text-align-center\">Cinnamon cheesecake with a gingerbread base<\/p>\n\n\n\n<p class=\"has-text-align-center\">Tartlets with fruits<\/p>\n\n\n\n<p class=\"has-text-align-center\"><strong>Beverages<\/strong><\/p>\n\n\n\n<p class=\"has-text-align-center\">Coffee, tea with additives<\/p>\n\n\n\n<p class=\"has-text-align-center\">Mineral water<\/p>\n\n\n\n<p class=\"has-text-align-center\">Fruit juices (apple, orange)<\/p>\n\n\n\n<p class=\"has-text-align-center\">House wine, white or red \u2013 2 glasses\/person<\/p>\n\n\n\n<p class=\"has-text-align-center\"><strong>Price from PLN 199 net\/person<\/strong><\/p>\n\n\n\n<p class=\"has-text-align-center\"><strong>Menu included in the price:<\/strong> cocktail tables, buffet tables, porcelain, glass, cutlery, service, basic flower decorations<br><br><\/p>\n\n\n\n<h4 class=\"wp-block-heading has-text-align-center\"><strong>ADDITIONAL INFORMATION<\/strong><\/h4>\n\n\n\n<p class=\"has-text-align-center\">\u2022 We organize coctails for 30 to 1000 people.<\/p>\n\n\n\n<p class=\"has-text-align-center\">\u2022 Exclusive room in the Filharmonia Restaurant included in the price of the menu for min. 30 people<\/p>\n\n\n\n<p class=\"has-text-align-center\">\u2022 We can organize the coctail in any place indicated by the client, or in a space rented by us. We cooperate with, among others: with the Polish Baltic Philharmonic, Artus Court, Shakespeare Theater, Wybrze\u017ce Theater, Museum of the Second World War, Echo Sfera, Old Town Hall and many others<\/p>\n\n\n\n<div class=\"download\">\n    <a class=\"download-link\" href=\"https:\/\/www.restauracjafilharmonia.pl\/wp-content\/uploads\/2024\/02\/EN-2024-Restauracja-FIlharmonia-OFERTA-ORGANIZACJI-COCTAIL-PARTY.doc\" target=\"_blank\">\n        <img decoding=\"async\" class=\"download-icon\" src=\"https:\/\/www.restauracjafilharmonia.pl\/wp-content\/themes\/WL-theme\/assets\/icons\/download.svg\">\n    <\/a>\n<\/div>\n\n<style>\n    .download {\n        margin-inline: auto;\n        margin-top: 2rem;\n        text-align: center;\n    }\n\n    .download-icon {\n        max-width: 50px;\n    }\n<\/style>\n\n\n<div style=\"height:100px\" aria-hidden=\"true\" class=\"wp-block-spacer\"><\/div>\n","protected":false},"excerpt":{"rendered":"<p>OFFER FOR ORGANIZING COKTAIL PARTY 2024 A cocktail party is a great opportunity to spend time in a casual, pleasant atmosphere and taste sophisticated cuisine specialties served in a quick, comfortable way. We will prepare menu in the form of Finger Foods for a Reception Party, Opening of the facility, Inauguration or any other occasion. [&hellip;]<\/p>\n","protected":false},"author":1,"featured_media":5449,"parent":0,"menu_order":0,"comment_status":"closed","ping_status":"closed","template":"","meta":{"_acf_changed":false,"footnotes":""},"acf":[],"yoast_head":"<!-- This site is optimized with the Yoast SEO plugin v22.1 - https:\/\/yoast.com\/wordpress\/plugins\/seo\/ -->\n<title>Cocktail party - Restauracja Filharmonia<\/title>\n<meta name=\"robots\" content=\"index, follow, max-snippet:-1, max-image-preview:large, max-video-preview:-1\" \/>\n<link rel=\"canonical\" href=\"https:\/\/www.restauracjafilharmonia.pl\/en\/cocktail-party\/\" \/>\n<meta property=\"og:locale\" content=\"en_US\" \/>\n<meta property=\"og:type\" content=\"article\" \/>\n<meta property=\"og:title\" content=\"Cocktail party - Restauracja Filharmonia\" \/>\n<meta property=\"og:description\" content=\"OFFER FOR ORGANIZING COKTAIL PARTY 2024 A cocktail party is a great opportunity to spend time in a casual, pleasant atmosphere and taste sophisticated cuisine specialties served in a quick, comfortable way. We will prepare menu in the form of Finger Foods for a Reception Party, Opening of the facility, Inauguration or any other occasion. [&hellip;]\" \/>\n<meta property=\"og:url\" content=\"https:\/\/www.restauracjafilharmonia.pl\/en\/cocktail-party\/\" \/>\n<meta property=\"og:site_name\" content=\"Restauracja Filharmonia\" \/>\n<meta property=\"article:modified_time\" content=\"2024-02-02T14:18:54+00:00\" \/>\n<meta property=\"og:image\" content=\"https:\/\/www.restauracjafilharmonia.pl\/wp-content\/uploads\/2024\/02\/hero_catering.png\" \/>\n\t<meta property=\"og:image:width\" content=\"1920\" \/>\n\t<meta property=\"og:image:height\" content=\"539\" \/>\n\t<meta property=\"og:image:type\" content=\"image\/png\" \/>\n<meta name=\"twitter:card\" content=\"summary_large_image\" \/>\n<meta name=\"twitter:label1\" content=\"Est. reading time\" \/>\n\t<meta name=\"twitter:data1\" content=\"3 minutes\" \/>\n<script type=\"application\/ld+json\" class=\"yoast-schema-graph\">{\"@context\":\"https:\/\/schema.org\",\"@graph\":[{\"@type\":\"WebPage\",\"@id\":\"https:\/\/www.restauracjafilharmonia.pl\/en\/cocktail-party\/\",\"url\":\"https:\/\/www.restauracjafilharmonia.pl\/en\/cocktail-party\/\",\"name\":\"Cocktail party - Restauracja Filharmonia\",\"isPartOf\":{\"@id\":\"https:\/\/www.restauracjafilharmonia.pl\/en\/#website\"},\"datePublished\":\"2024-02-01T15:00:55+00:00\",\"dateModified\":\"2024-02-02T14:18:54+00:00\",\"breadcrumb\":{\"@id\":\"https:\/\/www.restauracjafilharmonia.pl\/en\/cocktail-party\/#breadcrumb\"},\"inLanguage\":\"en-US\",\"potentialAction\":[{\"@type\":\"ReadAction\",\"target\":[\"https:\/\/www.restauracjafilharmonia.pl\/en\/cocktail-party\/\"]}]},{\"@type\":\"BreadcrumbList\",\"@id\":\"https:\/\/www.restauracjafilharmonia.pl\/en\/cocktail-party\/#breadcrumb\",\"itemListElement\":[{\"@type\":\"ListItem\",\"position\":1,\"name\":\"Strona g\u0142\u00f3wna\",\"item\":\"https:\/\/www.restauracjafilharmonia.pl\/en\/\"},{\"@type\":\"ListItem\",\"position\":2,\"name\":\"Cocktail party\"}]},{\"@type\":\"WebSite\",\"@id\":\"https:\/\/www.restauracjafilharmonia.pl\/en\/#website\",\"url\":\"https:\/\/www.restauracjafilharmonia.pl\/en\/\",\"name\":\"Restauracja Filharmonia\",\"description\":\"Restauracja Filharmonia zlokalizowana w zabytkowym gda\u0144skim budynku to miejsce, kt\u00f3re proponuje autorskie menu oparte wy\u0142\u0105cznie na \u015bwie\u017cych, sezonowych produktach.\",\"potentialAction\":[{\"@type\":\"SearchAction\",\"target\":{\"@type\":\"EntryPoint\",\"urlTemplate\":\"https:\/\/www.restauracjafilharmonia.pl\/en\/?s={search_term_string}\"},\"query-input\":\"required name=search_term_string\"}],\"inLanguage\":\"en-US\"}]}<\/script>\n<!-- \/ Yoast SEO plugin. -->","yoast_head_json":{"title":"Cocktail party - Restauracja Filharmonia","robots":{"index":"index","follow":"follow","max-snippet":"max-snippet:-1","max-image-preview":"max-image-preview:large","max-video-preview":"max-video-preview:-1"},"canonical":"https:\/\/www.restauracjafilharmonia.pl\/en\/cocktail-party\/","og_locale":"en_US","og_type":"article","og_title":"Cocktail party - Restauracja Filharmonia","og_description":"OFFER FOR ORGANIZING COKTAIL PARTY 2024 A cocktail party is a great opportunity to spend time in a casual, pleasant atmosphere and taste sophisticated cuisine specialties served in a quick, comfortable way. We will prepare menu in the form of Finger Foods for a Reception Party, Opening of the facility, Inauguration or any other occasion. [&hellip;]","og_url":"https:\/\/www.restauracjafilharmonia.pl\/en\/cocktail-party\/","og_site_name":"Restauracja Filharmonia","article_modified_time":"2024-02-02T14:18:54+00:00","og_image":[{"width":1920,"height":539,"url":"https:\/\/www.restauracjafilharmonia.pl\/wp-content\/uploads\/2024\/02\/hero_catering.png","type":"image\/png"}],"twitter_card":"summary_large_image","twitter_misc":{"Est. reading time":"3 minutes"},"schema":{"@context":"https:\/\/schema.org","@graph":[{"@type":"WebPage","@id":"https:\/\/www.restauracjafilharmonia.pl\/en\/cocktail-party\/","url":"https:\/\/www.restauracjafilharmonia.pl\/en\/cocktail-party\/","name":"Cocktail party - Restauracja Filharmonia","isPartOf":{"@id":"https:\/\/www.restauracjafilharmonia.pl\/en\/#website"},"datePublished":"2024-02-01T15:00:55+00:00","dateModified":"2024-02-02T14:18:54+00:00","breadcrumb":{"@id":"https:\/\/www.restauracjafilharmonia.pl\/en\/cocktail-party\/#breadcrumb"},"inLanguage":"en-US","potentialAction":[{"@type":"ReadAction","target":["https:\/\/www.restauracjafilharmonia.pl\/en\/cocktail-party\/"]}]},{"@type":"BreadcrumbList","@id":"https:\/\/www.restauracjafilharmonia.pl\/en\/cocktail-party\/#breadcrumb","itemListElement":[{"@type":"ListItem","position":1,"name":"Strona g\u0142\u00f3wna","item":"https:\/\/www.restauracjafilharmonia.pl\/en\/"},{"@type":"ListItem","position":2,"name":"Cocktail party"}]},{"@type":"WebSite","@id":"https:\/\/www.restauracjafilharmonia.pl\/en\/#website","url":"https:\/\/www.restauracjafilharmonia.pl\/en\/","name":"Restauracja Filharmonia","description":"Restauracja Filharmonia zlokalizowana w zabytkowym gda\u0144skim budynku to miejsce, kt\u00f3re proponuje autorskie menu oparte wy\u0142\u0105cznie na \u015bwie\u017cych, sezonowych produktach.","potentialAction":[{"@type":"SearchAction","target":{"@type":"EntryPoint","urlTemplate":"https:\/\/www.restauracjafilharmonia.pl\/en\/?s={search_term_string}"},"query-input":"required name=search_term_string"}],"inLanguage":"en-US"}]}},"_links":{"self":[{"href":"https:\/\/www.restauracjafilharmonia.pl\/en\/wp-json\/wp\/v2\/pages\/5457"}],"collection":[{"href":"https:\/\/www.restauracjafilharmonia.pl\/en\/wp-json\/wp\/v2\/pages"}],"about":[{"href":"https:\/\/www.restauracjafilharmonia.pl\/en\/wp-json\/wp\/v2\/types\/page"}],"author":[{"embeddable":true,"href":"https:\/\/www.restauracjafilharmonia.pl\/en\/wp-json\/wp\/v2\/users\/1"}],"replies":[{"embeddable":true,"href":"https:\/\/www.restauracjafilharmonia.pl\/en\/wp-json\/wp\/v2\/comments?post=5457"}],"version-history":[{"count":3,"href":"https:\/\/www.restauracjafilharmonia.pl\/en\/wp-json\/wp\/v2\/pages\/5457\/revisions"}],"predecessor-version":[{"id":5620,"href":"https:\/\/www.restauracjafilharmonia.pl\/en\/wp-json\/wp\/v2\/pages\/5457\/revisions\/5620"}],"wp:featuredmedia":[{"embeddable":true,"href":"https:\/\/www.restauracjafilharmonia.pl\/en\/wp-json\/wp\/v2\/media\/5449"}],"wp:attachment":[{"href":"https:\/\/www.restauracjafilharmonia.pl\/en\/wp-json\/wp\/v2\/media?parent=5457"}],"curies":[{"name":"wp","href":"https:\/\/api.w.org\/{rel}","templated":true}]}}