{"id":5453,"date":"2024-02-01T14:53:53","date_gmt":"2024-02-01T14:53:53","guid":{"rendered":"https:\/\/www.restauracjafilharmonia.pl\/?page_id=5453"},"modified":"2026-01-12T12:13:18","modified_gmt":"2026-01-12T12:13:18","slug":"occasional-catering-2024","status":"publish","type":"page","link":"https:\/\/www.restauracjafilharmonia.pl\/en\/occasional-catering-2024\/","title":{"rendered":"Occasional Catering 2026"},"content":{"rendered":"\n<div style=\"height:100px\" aria-hidden=\"true\" class=\"wp-block-spacer\"><\/div>\n\n\n\n<h2 class=\"wp-block-heading has-text-align-center\"><strong>OCCASIONAL CATERING <\/strong>2026<\/h2>\n\n\n\n<p class=\"has-text-align-center\"><br><strong>We can organize your dream party at your home, offering professional catering based on the individual expectations and specific needs of our guests. Our exquisite cuisine and many years of experience guarantee an excellent culinary setting for every celebration organized at home, in the garden or in any place you have rented. Additionally, from our rentals (here&#8217;s the link to the rentals), you can rent all the necessary equipment in the like tables, chairs, tablecloths and tableware.<\/strong><br><br><\/p>\n\n\n\n<p class=\"has-text-align-center\"><strong>Cold dishes<\/strong><\/p>\n\n\n\n<p class=\"has-text-align-center\">&#8211; Eggs stuffed with ham and leek mousse \u2013 1 half\/PLN 4.5<\/p>\n\n\n\n<p class=\"has-text-align-center\">&#8211; Eggs stuffed with smoked salmon and wasabi paste &#8211; 1 half\/PLN 6<\/p>\n\n\n\n<p class=\"has-text-align-center\">&#8211; Fish in wegetaples and tomato &#8211; 500g\/PLN 65<\/p>\n\n\n\n<p class=\"has-text-align-center\">&#8211; Salmon in jelly with lime mayonnaise \u2013 400g\/PLN 99<\/p>\n\n\n\n<p class=\"has-text-align-center\">&#8211; Tartlets with pate and cranberries &#8211; 1 pc\/PLN 7<\/p>\n\n\n\n<p class=\"has-text-align-center\">&#8211; Mini spring rolls with oriental sauce \u2013 2 pcs\/PLN 12<\/p>\n\n\n\n<p class=\"has-text-align-center\">&#8211; Homemade p\u00e2t\u00e9 with cranberry sauce &#8211; 500g\/PLN 79<\/p>\n\n\n\n<p class=\"has-text-align-center\">&#8211; Poultry in jely with vegetables \u2013 200g\/PLN 25<\/p>\n\n\n\n<p class=\"has-text-align-center\">&#8211; Beef tartare with cucumber, onion and marinated mushroom \u2013 300g\/PLN 99<\/p>\n\n\n\n<p class=\"has-text-align-center\">&#8211; Salmon tartare with coriander and lion &#8211; 300g\/PLN 109<\/p>\n\n\n\n<p class=\"has-text-align-center\">&#8211; Vegetable salad &#8211; 500g\/PLN 40<\/p>\n\n\n\n<p class=\"has-text-align-center\">&#8211; Greek salad \u2013 500g\/PLN 40<\/p>\n\n\n\n<p class=\"has-text-align-center\">&#8211; Cesar salad with chicken and anchovies \u2013 500g\/PLN 49<\/p>\n\n\n\n<p class=\"has-text-align-center\">&#8211; Pork neck with herbs &#8211; 500g\/PLN 75<\/p>\n\n\n\n<p class=\"has-text-align-center\">&#8211; Pork loin with plums &#8211; 500g\/PLN 79<\/p>\n\n\n\n<p class=\"has-text-align-center\">&#8211; Tartar sauce 300ml\/ PLN 34<\/p>\n\n\n\n<p class=\"has-text-align-center\"><strong>Soups:<\/strong><\/p>\n\n\n\n<p class=\"has-text-align-center\">&#8211; Old Polish sourdough soup with mushrooms and marjoram &#8211; 900ml \/ PLN 42<\/p>\n\n\n\n<p class=\"has-text-align-center\">&#8211; Fish soup &#8211; 900ml \/ PLN 69<\/p>\n\n\n\n<p class=\"has-text-align-center\">&#8211; Royal broth with homemade dumplings &#8211; 900ml \/ PLN 39<\/p>\n\n\n\n<p class=\"has-text-align-center\">&#8211; Mushroom soup with poured dumplings &#8211; 900ml \/ PLN 49<\/p>\n\n\n\n<p class=\"has-text-align-center\">&#8211; Gulaves Hungarian soup with dumplings \u2013 900ml\/PLN 89<\/p>\n\n\n\n<p class=\"has-text-align-center\"><strong>Dishes to be served hot, order min. 4 pcs:<\/strong><\/p>\n\n\n\n<p class=\"has-text-align-center\">&#8211; Cod fillet in leek sauce &#8211; 150g\/PLN 35<\/p>\n\n\n\n<p class=\"has-text-align-center\">&#8211; Salmon fillet in lemon sauce &#8211; 150g\/ PLN 43<\/p>\n\n\n\n<p class=\"has-text-align-center\">&#8211; Chicken breast stuffed with mushrooms in cheese sauce &#8211; approx. 200g\/PLN 34<\/p>\n\n\n\n<p class=\"has-text-align-center\">&#8211; Old Polish goose baked in blueberry and red wine sauce &#8211; 1 piece approx. 300g\/ PLN 69<\/p>\n\n\n\n<p class=\"has-text-align-center\">&#8211; Half a duck in apples, cranberry sauce &#8211; portion\/PLN 79<\/p>\n\n\n\n<p class=\"has-text-align-center\">&#8211; Beef roulade in its own sauce &#8211; 1 pc. approx. 150-200g\/ PLN 39<\/p>\n\n\n\n<p class=\"has-text-align-center\">&#8211; De volaille with butter \u2013 approx. 150g\/PLN 24<\/p>\n\n\n\n<p class=\"has-text-align-center\">&#8211; Hunter&#8217;s bigos &#8211; 500g\/ PLN 75<\/p>\n\n\n\n<p class=\"has-text-align-center\">&#8211; Kashubian dumplings with onion &#8211; 150g\/PLN 19<\/p>\n\n\n\n<p class=\"has-text-align-center\">&#8211; Silesian dumplings with butter and parsley \u2013 150g (5 pcs) \u2013 PLN 14<\/p>\n\n\n\n<p class=\"has-text-align-center\">&#8211; Traditional red cabbage with raisins \u2013 100g\/PLN 14<\/p>\n\n\n\n<p class=\"has-text-align-center\">&#8211; Fried beetroots \u2013 100g\/PLN 15<\/p>\n\n\n\n<p class=\"has-text-align-center\">The prices given are valid until November 31, 2026<\/p>\n\n\n\n<p class=\"has-text-align-center\">Dishes to be picked up at the Filharmonia Restaurant<\/p>\n\n\n\n<p class=\"has-text-align-center\">We accept orders by e-mail: marketing@www.restauracjafilharmonia.pl at least 3 days in advance<\/p>\n\n\n\n<div class=\"download\">\n    <a class=\"download-link\" href=\"https:\/\/www.restauracjafilharmonia.pl\/wp-content\/uploads\/2024\/02\/EN-2024-Oferta_Rest_Filharmonia_Catering-okolicznosciowy-do-domu-1.docx\" target=\"_blank\">\n        <img decoding=\"async\" class=\"download-icon\" src=\"https:\/\/www.restauracjafilharmonia.pl\/wp-content\/themes\/WL-theme\/assets\/icons\/download.svg\">\n    <\/a>\n<\/div>\n\n<style>\n    .download {\n        margin-inline: auto;\n        margin-top: 2rem;\n        text-align: center;\n    }\n\n    .download-icon {\n        max-width: 50px;\n    }\n<\/style>\n\n\n<div style=\"height:100px\" aria-hidden=\"true\" class=\"wp-block-spacer\"><\/div>\n","protected":false},"excerpt":{"rendered":"<p>OCCASIONAL CATERING 2026 We can organize your dream party at your home, offering professional catering based on the individual expectations and specific needs of our guests. Our exquisite cuisine and many years of experience guarantee an excellent culinary setting for every celebration organized at home, in the garden or in any place you have rented. [&hellip;]<\/p>\n","protected":false},"author":1,"featured_media":5449,"parent":0,"menu_order":0,"comment_status":"closed","ping_status":"closed","template":"","meta":{"_acf_changed":false,"footnotes":""},"acf":[],"yoast_head":"<!-- This site is optimized with the Yoast SEO plugin v22.1 - https:\/\/yoast.com\/wordpress\/plugins\/seo\/ -->\n<title>Occasional Catering 2026 - Restauracja Filharmonia<\/title>\n<meta name=\"robots\" content=\"index, follow, max-snippet:-1, max-image-preview:large, max-video-preview:-1\" \/>\n<link rel=\"canonical\" href=\"https:\/\/www.restauracjafilharmonia.pl\/en\/occasional-catering-2024\/\" \/>\n<meta property=\"og:locale\" content=\"en_US\" \/>\n<meta property=\"og:type\" content=\"article\" \/>\n<meta property=\"og:title\" content=\"Occasional Catering 2026 - Restauracja Filharmonia\" \/>\n<meta property=\"og:description\" content=\"OCCASIONAL CATERING 2026 We can organize your dream party at your home, offering professional catering based on the individual expectations and specific needs of our guests. Our exquisite cuisine and many years of experience guarantee an excellent culinary setting for every celebration organized at home, in the garden or in any place you have rented. [&hellip;]\" \/>\n<meta property=\"og:url\" content=\"https:\/\/www.restauracjafilharmonia.pl\/en\/occasional-catering-2024\/\" \/>\n<meta property=\"og:site_name\" content=\"Restauracja Filharmonia\" \/>\n<meta property=\"article:modified_time\" content=\"2026-01-12T12:13:18+00:00\" \/>\n<meta property=\"og:image\" content=\"https:\/\/www.restauracjafilharmonia.pl\/wp-content\/uploads\/2024\/02\/hero_catering.png\" \/>\n\t<meta property=\"og:image:width\" content=\"1920\" \/>\n\t<meta property=\"og:image:height\" content=\"539\" \/>\n\t<meta property=\"og:image:type\" content=\"image\/png\" \/>\n<meta name=\"twitter:card\" content=\"summary_large_image\" \/>\n<meta name=\"twitter:label1\" content=\"Est. reading time\" \/>\n\t<meta name=\"twitter:data1\" content=\"3 minutes\" \/>\n<script type=\"application\/ld+json\" class=\"yoast-schema-graph\">{\"@context\":\"https:\/\/schema.org\",\"@graph\":[{\"@type\":\"WebPage\",\"@id\":\"https:\/\/www.restauracjafilharmonia.pl\/en\/occasional-catering-2024\/\",\"url\":\"https:\/\/www.restauracjafilharmonia.pl\/en\/occasional-catering-2024\/\",\"name\":\"Occasional Catering 2026 - Restauracja Filharmonia\",\"isPartOf\":{\"@id\":\"https:\/\/www.restauracjafilharmonia.pl\/en\/#website\"},\"datePublished\":\"2024-02-01T14:53:53+00:00\",\"dateModified\":\"2026-01-12T12:13:18+00:00\",\"breadcrumb\":{\"@id\":\"https:\/\/www.restauracjafilharmonia.pl\/en\/occasional-catering-2024\/#breadcrumb\"},\"inLanguage\":\"en-US\",\"potentialAction\":[{\"@type\":\"ReadAction\",\"target\":[\"https:\/\/www.restauracjafilharmonia.pl\/en\/occasional-catering-2024\/\"]}]},{\"@type\":\"BreadcrumbList\",\"@id\":\"https:\/\/www.restauracjafilharmonia.pl\/en\/occasional-catering-2024\/#breadcrumb\",\"itemListElement\":[{\"@type\":\"ListItem\",\"position\":1,\"name\":\"Strona g\u0142\u00f3wna\",\"item\":\"https:\/\/www.restauracjafilharmonia.pl\/en\/\"},{\"@type\":\"ListItem\",\"position\":2,\"name\":\"Occasional Catering 2026\"}]},{\"@type\":\"WebSite\",\"@id\":\"https:\/\/www.restauracjafilharmonia.pl\/en\/#website\",\"url\":\"https:\/\/www.restauracjafilharmonia.pl\/en\/\",\"name\":\"Restauracja Filharmonia\",\"description\":\"Restauracja Filharmonia zlokalizowana w zabytkowym gda\u0144skim budynku to miejsce, kt\u00f3re proponuje autorskie menu oparte wy\u0142\u0105cznie na \u015bwie\u017cych, sezonowych produktach.\",\"potentialAction\":[{\"@type\":\"SearchAction\",\"target\":{\"@type\":\"EntryPoint\",\"urlTemplate\":\"https:\/\/www.restauracjafilharmonia.pl\/en\/?s={search_term_string}\"},\"query-input\":\"required name=search_term_string\"}],\"inLanguage\":\"en-US\"}]}<\/script>\n<!-- \/ Yoast SEO plugin. -->","yoast_head_json":{"title":"Occasional Catering 2026 - Restauracja Filharmonia","robots":{"index":"index","follow":"follow","max-snippet":"max-snippet:-1","max-image-preview":"max-image-preview:large","max-video-preview":"max-video-preview:-1"},"canonical":"https:\/\/www.restauracjafilharmonia.pl\/en\/occasional-catering-2024\/","og_locale":"en_US","og_type":"article","og_title":"Occasional Catering 2026 - Restauracja Filharmonia","og_description":"OCCASIONAL CATERING 2026 We can organize your dream party at your home, offering professional catering based on the individual expectations and specific needs of our guests. Our exquisite cuisine and many years of experience guarantee an excellent culinary setting for every celebration organized at home, in the garden or in any place you have rented. [&hellip;]","og_url":"https:\/\/www.restauracjafilharmonia.pl\/en\/occasional-catering-2024\/","og_site_name":"Restauracja Filharmonia","article_modified_time":"2026-01-12T12:13:18+00:00","og_image":[{"width":1920,"height":539,"url":"https:\/\/www.restauracjafilharmonia.pl\/wp-content\/uploads\/2024\/02\/hero_catering.png","type":"image\/png"}],"twitter_card":"summary_large_image","twitter_misc":{"Est. reading time":"3 minutes"},"schema":{"@context":"https:\/\/schema.org","@graph":[{"@type":"WebPage","@id":"https:\/\/www.restauracjafilharmonia.pl\/en\/occasional-catering-2024\/","url":"https:\/\/www.restauracjafilharmonia.pl\/en\/occasional-catering-2024\/","name":"Occasional Catering 2026 - Restauracja Filharmonia","isPartOf":{"@id":"https:\/\/www.restauracjafilharmonia.pl\/en\/#website"},"datePublished":"2024-02-01T14:53:53+00:00","dateModified":"2026-01-12T12:13:18+00:00","breadcrumb":{"@id":"https:\/\/www.restauracjafilharmonia.pl\/en\/occasional-catering-2024\/#breadcrumb"},"inLanguage":"en-US","potentialAction":[{"@type":"ReadAction","target":["https:\/\/www.restauracjafilharmonia.pl\/en\/occasional-catering-2024\/"]}]},{"@type":"BreadcrumbList","@id":"https:\/\/www.restauracjafilharmonia.pl\/en\/occasional-catering-2024\/#breadcrumb","itemListElement":[{"@type":"ListItem","position":1,"name":"Strona g\u0142\u00f3wna","item":"https:\/\/www.restauracjafilharmonia.pl\/en\/"},{"@type":"ListItem","position":2,"name":"Occasional Catering 2026"}]},{"@type":"WebSite","@id":"https:\/\/www.restauracjafilharmonia.pl\/en\/#website","url":"https:\/\/www.restauracjafilharmonia.pl\/en\/","name":"Restauracja Filharmonia","description":"Restauracja Filharmonia zlokalizowana w zabytkowym gda\u0144skim budynku to miejsce, kt\u00f3re proponuje autorskie menu oparte wy\u0142\u0105cznie na \u015bwie\u017cych, sezonowych produktach.","potentialAction":[{"@type":"SearchAction","target":{"@type":"EntryPoint","urlTemplate":"https:\/\/www.restauracjafilharmonia.pl\/en\/?s={search_term_string}"},"query-input":"required name=search_term_string"}],"inLanguage":"en-US"}]}},"_links":{"self":[{"href":"https:\/\/www.restauracjafilharmonia.pl\/en\/wp-json\/wp\/v2\/pages\/5453"}],"collection":[{"href":"https:\/\/www.restauracjafilharmonia.pl\/en\/wp-json\/wp\/v2\/pages"}],"about":[{"href":"https:\/\/www.restauracjafilharmonia.pl\/en\/wp-json\/wp\/v2\/types\/page"}],"author":[{"embeddable":true,"href":"https:\/\/www.restauracjafilharmonia.pl\/en\/wp-json\/wp\/v2\/users\/1"}],"replies":[{"embeddable":true,"href":"https:\/\/www.restauracjafilharmonia.pl\/en\/wp-json\/wp\/v2\/comments?post=5453"}],"version-history":[{"count":4,"href":"https:\/\/www.restauracjafilharmonia.pl\/en\/wp-json\/wp\/v2\/pages\/5453\/revisions"}],"predecessor-version":[{"id":6719,"href":"https:\/\/www.restauracjafilharmonia.pl\/en\/wp-json\/wp\/v2\/pages\/5453\/revisions\/6719"}],"wp:featuredmedia":[{"embeddable":true,"href":"https:\/\/www.restauracjafilharmonia.pl\/en\/wp-json\/wp\/v2\/media\/5449"}],"wp:attachment":[{"href":"https:\/\/www.restauracjafilharmonia.pl\/en\/wp-json\/wp\/v2\/media?parent=5453"}],"curies":[{"name":"wp","href":"https:\/\/api.w.org\/{rel}","templated":true}]}}