{"id":5282,"date":"2024-01-29T14:59:31","date_gmt":"2024-01-29T14:59:31","guid":{"rendered":"https:\/\/www.restauracjafilharmonia.pl\/?page_id=5282"},"modified":"2024-02-02T13:40:20","modified_gmt":"2024-02-02T13:40:20","slug":"conferences","status":"publish","type":"page","link":"https:\/\/www.restauracjafilharmonia.pl\/en\/events\/corporate-events\/conferences\/","title":{"rendered":"Conferences"},"content":{"rendered":"\n<div style=\"height:100px\" aria-hidden=\"true\" class=\"wp-block-spacer\"><\/div>\n\n\n\n<p class=\"has-text-align-center\"><strong>The conference rooms at the Polish Baltic Philharmonic meet all expectations, even the most excessive ones, and are located in the city center of Gda\u0144sk, which is a big advantage both in terms of logistics and tourism. The rooms are equipped with the necessary equipment, and experienced staff provide help and advice in every aspect. The building has as many as eight conference rooms, the size of which ranges from 30 to 190 m2. Depending on how the chairs are arranged, the largest of them can accommodate up to 250 people. It is also possible to organize a larger conference or congress in the concert hall, which can accommodate up to 900 people. The spacious foyer is also a space for organizing fairs, ceremonial galas and banquets.<\/strong><\/p>\n\n\n\n<h4 class=\"wp-block-heading has-text-align-center\"><strong>PRCIE LIST AND CONFERENCE ROOM SETTING<\/strong><\/h4>\n\n\n\n<figure class=\"wp-block-table\"><table><tbody><tr><td><strong>ROOM<\/strong><\/td><td><strong>AREA(m2)<\/strong><\/td><td><strong>THEATRICAL SETTING<\/strong><\/td><td><strong>SCHOOL SETTING<\/strong><\/td><td><strong>U SETTING<\/strong><\/td><td><strong>PRICE<\/strong><\/td><\/tr><tr><td><a href=\"https:\/\/www.www.restauracjafilharmonia.pl\/wp-content\/uploads\/2017\/09\/salajazzowapfb.jpg\" target=\"_blank\" rel=\"noreferrer noopener\">BIA\u0141A<\/a><\/td><td>150<\/td><td>200<\/td><td>100<\/td><td>60<\/td><td>3000 PLN<\/td><\/tr><tr><td><a href=\"https:\/\/www.www.restauracjafilharmonia.pl\/wp-content\/uploads\/2016\/04\/DSC_0572res.jpg\">D\u0118BOWA<\/a><\/td><td>108<\/td><td>100<\/td><td>50<\/td><td>40<\/td><td>2000 PLN<\/td><\/tr><tr><td>ZIELONA<\/td><td>190<\/td><td>250<\/td><td>110<\/td><td>60<\/td><td>5500 PLN<\/td><\/tr><tr><td>PRASOWA<\/td><td>35<\/td><td>30<\/td><td>20<\/td><td>20<\/td><td>1000 PLN<\/td><\/tr><tr><td>VIP ROOM<\/td><td>30<\/td><td>20<\/td><td>20<\/td><td>\u2013<\/td><td>800 PLN<\/td><\/tr><tr><td>NAD MOT\u0141AW\u0104<\/td><td>75<\/td><td>50<\/td><td>35<\/td><td>25<\/td><td>1000 PLN<\/td><\/tr><tr><td><br><\/td><td><br><\/td><td><br><\/td><td><br><\/td><td><br><\/td><td><br><\/td><\/tr><\/tbody><\/table><\/figure>\n\n\n\n<p class=\"has-text-align-center\"><strong>Additional equipment:<\/strong><\/p>\n\n\n\n<p class=\"has-text-align-center\">\u2013 flipchart + markers \u2013 PLN 300<\/p>\n\n\n\n<p class=\"has-text-align-center\">\u2013 sound system (speakers + 2 microphones) \u2013 price PLN 500\/net (in the case of the White, D\u0119bowa and Green Halls it is included in the rental price)<\/p>\n\n\n\n<p class=\"has-text-align-center\">\u2013 screen, multimedia projector \u2013 price PLN 450\/net (in the case of the White, D\u0119bowa and Green Rooms it is included in the rental price)<\/p>\n\n\n\n<div class=\"download\">\n    <a class=\"download-link\" href=\"https:\/\/www.restauracjafilharmonia.pl\/wp-content\/uploads\/2024\/02\/EN-2024-Oferta_Rest_Filharmonia_KONFERENCJE.docx\" target=\"_blank\">\n        <img decoding=\"async\" class=\"download-icon\" src=\"https:\/\/www.restauracjafilharmonia.pl\/wp-content\/themes\/WL-theme\/assets\/icons\/download.svg\">\n    <\/a>\n<\/div>\n\n<style>\n    .download {\n        margin-inline: auto;\n        margin-top: 2rem;\n        text-align: center;\n    }\n\n    .download-icon {\n        max-width: 50px;\n    }\n<\/style>\n\n\n<div style=\"height:100px\" aria-hidden=\"true\" class=\"wp-block-spacer\"><\/div>\n","protected":false},"excerpt":{"rendered":"<p>The conference rooms at the Polish Baltic Philharmonic meet all expectations, even the most excessive ones, and are located in the city center of Gda\u0144sk, which is a big advantage both in terms of logistics and tourism. The rooms are equipped with the necessary equipment, and experienced staff provide help and advice in every aspect. [&hellip;]<\/p>\n","protected":false},"author":1,"featured_media":5206,"parent":5277,"menu_order":0,"comment_status":"closed","ping_status":"closed","template":"","meta":{"_acf_changed":false,"footnotes":""},"acf":[],"yoast_head":"<!-- This site is optimized with the Yoast SEO plugin v22.1 - https:\/\/yoast.com\/wordpress\/plugins\/seo\/ -->\n<title>Conferences - Restauracja Filharmonia<\/title>\n<meta name=\"robots\" content=\"index, follow, max-snippet:-1, max-image-preview:large, max-video-preview:-1\" \/>\n<link rel=\"canonical\" href=\"https:\/\/www.restauracjafilharmonia.pl\/en\/events\/corporate-events\/conferences\/\" \/>\n<meta property=\"og:locale\" content=\"en_US\" \/>\n<meta property=\"og:type\" content=\"article\" \/>\n<meta property=\"og:title\" content=\"Conferences - Restauracja Filharmonia\" \/>\n<meta property=\"og:description\" content=\"The conference rooms at the Polish Baltic Philharmonic meet all expectations, even the most excessive ones, and are located in the city center of Gda\u0144sk, which is a big advantage both in terms of logistics and tourism. The rooms are equipped with the necessary equipment, and experienced staff provide help and advice in every aspect. [&hellip;]\" \/>\n<meta property=\"og:url\" content=\"https:\/\/www.restauracjafilharmonia.pl\/en\/events\/corporate-events\/conferences\/\" \/>\n<meta property=\"og:site_name\" content=\"Restauracja Filharmonia\" \/>\n<meta property=\"article:modified_time\" content=\"2024-02-02T13:40:20+00:00\" \/>\n<meta property=\"og:image\" content=\"https:\/\/www.restauracjafilharmonia.pl\/wp-content\/uploads\/2024\/01\/banner-imprezy-4-1.jpg\" \/>\n\t<meta property=\"og:image:width\" content=\"2200\" \/>\n\t<meta property=\"og:image:height\" content=\"798\" \/>\n\t<meta property=\"og:image:type\" content=\"image\/jpeg\" \/>\n<meta name=\"twitter:card\" content=\"summary_large_image\" \/>\n<meta name=\"twitter:label1\" content=\"Est. reading time\" \/>\n\t<meta name=\"twitter:data1\" content=\"2 minutes\" \/>\n<script type=\"application\/ld+json\" class=\"yoast-schema-graph\">{\"@context\":\"https:\/\/schema.org\",\"@graph\":[{\"@type\":\"WebPage\",\"@id\":\"https:\/\/www.restauracjafilharmonia.pl\/en\/events\/corporate-events\/conferences\/\",\"url\":\"https:\/\/www.restauracjafilharmonia.pl\/en\/events\/corporate-events\/conferences\/\",\"name\":\"Conferences - Restauracja Filharmonia\",\"isPartOf\":{\"@id\":\"https:\/\/www.restauracjafilharmonia.pl\/en\/#website\"},\"datePublished\":\"2024-01-29T14:59:31+00:00\",\"dateModified\":\"2024-02-02T13:40:20+00:00\",\"breadcrumb\":{\"@id\":\"https:\/\/www.restauracjafilharmonia.pl\/en\/events\/corporate-events\/conferences\/#breadcrumb\"},\"inLanguage\":\"en-US\",\"potentialAction\":[{\"@type\":\"ReadAction\",\"target\":[\"https:\/\/www.restauracjafilharmonia.pl\/en\/events\/corporate-events\/conferences\/\"]}]},{\"@type\":\"BreadcrumbList\",\"@id\":\"https:\/\/www.restauracjafilharmonia.pl\/en\/events\/corporate-events\/conferences\/#breadcrumb\",\"itemListElement\":[{\"@type\":\"ListItem\",\"position\":1,\"name\":\"Strona g\u0142\u00f3wna\",\"item\":\"https:\/\/www.restauracjafilharmonia.pl\/en\/\"},{\"@type\":\"ListItem\",\"position\":2,\"name\":\"Events\",\"item\":\"https:\/\/www.restauracjafilharmonia.pl\/en\/imprezy\/\"},{\"@type\":\"ListItem\",\"position\":3,\"name\":\"Corporate events\",\"item\":\"https:\/\/www.restauracjafilharmonia.pl\/en\/events\/corporate-events\/\"},{\"@type\":\"ListItem\",\"position\":4,\"name\":\"Conferences\"}]},{\"@type\":\"WebSite\",\"@id\":\"https:\/\/www.restauracjafilharmonia.pl\/en\/#website\",\"url\":\"https:\/\/www.restauracjafilharmonia.pl\/en\/\",\"name\":\"Restauracja Filharmonia\",\"description\":\"Restauracja Filharmonia zlokalizowana w zabytkowym gda\u0144skim budynku to miejsce, kt\u00f3re proponuje autorskie menu oparte wy\u0142\u0105cznie na \u015bwie\u017cych, sezonowych produktach.\",\"potentialAction\":[{\"@type\":\"SearchAction\",\"target\":{\"@type\":\"EntryPoint\",\"urlTemplate\":\"https:\/\/www.restauracjafilharmonia.pl\/en\/?s={search_term_string}\"},\"query-input\":\"required name=search_term_string\"}],\"inLanguage\":\"en-US\"}]}<\/script>\n<!-- \/ Yoast SEO plugin. -->","yoast_head_json":{"title":"Conferences - Restauracja Filharmonia","robots":{"index":"index","follow":"follow","max-snippet":"max-snippet:-1","max-image-preview":"max-image-preview:large","max-video-preview":"max-video-preview:-1"},"canonical":"https:\/\/www.restauracjafilharmonia.pl\/en\/events\/corporate-events\/conferences\/","og_locale":"en_US","og_type":"article","og_title":"Conferences - Restauracja Filharmonia","og_description":"The conference rooms at the Polish Baltic Philharmonic meet all expectations, even the most excessive ones, and are located in the city center of Gda\u0144sk, which is a big advantage both in terms of logistics and tourism. The rooms are equipped with the necessary equipment, and experienced staff provide help and advice in every aspect. [&hellip;]","og_url":"https:\/\/www.restauracjafilharmonia.pl\/en\/events\/corporate-events\/conferences\/","og_site_name":"Restauracja Filharmonia","article_modified_time":"2024-02-02T13:40:20+00:00","og_image":[{"width":2200,"height":798,"url":"https:\/\/www.restauracjafilharmonia.pl\/wp-content\/uploads\/2024\/01\/banner-imprezy-4-1.jpg","type":"image\/jpeg"}],"twitter_card":"summary_large_image","twitter_misc":{"Est. reading time":"2 minutes"},"schema":{"@context":"https:\/\/schema.org","@graph":[{"@type":"WebPage","@id":"https:\/\/www.restauracjafilharmonia.pl\/en\/events\/corporate-events\/conferences\/","url":"https:\/\/www.restauracjafilharmonia.pl\/en\/events\/corporate-events\/conferences\/","name":"Conferences - Restauracja Filharmonia","isPartOf":{"@id":"https:\/\/www.restauracjafilharmonia.pl\/en\/#website"},"datePublished":"2024-01-29T14:59:31+00:00","dateModified":"2024-02-02T13:40:20+00:00","breadcrumb":{"@id":"https:\/\/www.restauracjafilharmonia.pl\/en\/events\/corporate-events\/conferences\/#breadcrumb"},"inLanguage":"en-US","potentialAction":[{"@type":"ReadAction","target":["https:\/\/www.restauracjafilharmonia.pl\/en\/events\/corporate-events\/conferences\/"]}]},{"@type":"BreadcrumbList","@id":"https:\/\/www.restauracjafilharmonia.pl\/en\/events\/corporate-events\/conferences\/#breadcrumb","itemListElement":[{"@type":"ListItem","position":1,"name":"Strona g\u0142\u00f3wna","item":"https:\/\/www.restauracjafilharmonia.pl\/en\/"},{"@type":"ListItem","position":2,"name":"Events","item":"https:\/\/www.restauracjafilharmonia.pl\/en\/imprezy\/"},{"@type":"ListItem","position":3,"name":"Corporate events","item":"https:\/\/www.restauracjafilharmonia.pl\/en\/events\/corporate-events\/"},{"@type":"ListItem","position":4,"name":"Conferences"}]},{"@type":"WebSite","@id":"https:\/\/www.restauracjafilharmonia.pl\/en\/#website","url":"https:\/\/www.restauracjafilharmonia.pl\/en\/","name":"Restauracja Filharmonia","description":"Restauracja Filharmonia zlokalizowana w zabytkowym gda\u0144skim budynku to miejsce, kt\u00f3re proponuje autorskie menu oparte wy\u0142\u0105cznie na \u015bwie\u017cych, sezonowych produktach.","potentialAction":[{"@type":"SearchAction","target":{"@type":"EntryPoint","urlTemplate":"https:\/\/www.restauracjafilharmonia.pl\/en\/?s={search_term_string}"},"query-input":"required name=search_term_string"}],"inLanguage":"en-US"}]}},"_links":{"self":[{"href":"https:\/\/www.restauracjafilharmonia.pl\/en\/wp-json\/wp\/v2\/pages\/5282"}],"collection":[{"href":"https:\/\/www.restauracjafilharmonia.pl\/en\/wp-json\/wp\/v2\/pages"}],"about":[{"href":"https:\/\/www.restauracjafilharmonia.pl\/en\/wp-json\/wp\/v2\/types\/page"}],"author":[{"embeddable":true,"href":"https:\/\/www.restauracjafilharmonia.pl\/en\/wp-json\/wp\/v2\/users\/1"}],"replies":[{"embeddable":true,"href":"https:\/\/www.restauracjafilharmonia.pl\/en\/wp-json\/wp\/v2\/comments?post=5282"}],"version-history":[{"count":9,"href":"https:\/\/www.restauracjafilharmonia.pl\/en\/wp-json\/wp\/v2\/pages\/5282\/revisions"}],"predecessor-version":[{"id":5526,"href":"https:\/\/www.restauracjafilharmonia.pl\/en\/wp-json\/wp\/v2\/pages\/5282\/revisions\/5526"}],"up":[{"embeddable":true,"href":"https:\/\/www.restauracjafilharmonia.pl\/en\/wp-json\/wp\/v2\/pages\/5277"}],"wp:featuredmedia":[{"embeddable":true,"href":"https:\/\/www.restauracjafilharmonia.pl\/en\/wp-json\/wp\/v2\/media\/5206"}],"wp:attachment":[{"href":"https:\/\/www.restauracjafilharmonia.pl\/en\/wp-json\/wp\/v2\/media?parent=5282"}],"curies":[{"name":"wp","href":"https:\/\/api.w.org\/{rel}","templated":true}]}}