{"id":5259,"date":"2024-01-29T14:47:51","date_gmt":"2024-01-29T14:47:51","guid":{"rendered":"https:\/\/www.restauracjafilharmonia.pl\/?page_id=5259"},"modified":"2024-02-02T13:48:47","modified_gmt":"2024-02-02T13:48:47","slug":"wedding-ceremony-on-the-terrace","status":"publish","type":"page","link":"https:\/\/www.restauracjafilharmonia.pl\/en\/weddings\/wedding-ceremony-on-the-terrace\/","title":{"rendered":"Wedding ceremony on the terrace"},"content":{"rendered":"\n<div style=\"height:100px\" aria-hidden=\"true\" class=\"wp-block-spacer\"><\/div>\n\n\n\n<h2 class=\"wp-block-heading has-text-align-center\"><strong>OFFER FOR ORGANIZING WEDDINGS ON THE TERRACE 2024<\/strong><\/h2>\n\n\n\n<p class=\"has-text-align-center\"><br><br><strong>A wedding in an original place that will leave unforgettable memories and charm the invited guests. Or maybe a celebration on the roof of the Filharmonia Restaurant, where there is a viewing terrace overlooking the Mot\u0142awa River and D\u0142ugie Pobrze\u017ce? A ceremony in Gda\u0144sk surrounded by its most beautiful monuments, combined with a wedding or dinner is our proposal for events for up to 65 people.<\/strong><br><br><\/p>\n\n\n\n<p class=\"has-text-align-center\"><strong>Rental of an external terrace on the roof of the restaurant \u2013 PLN 2,000<\/strong><\/p>\n\n\n\n<p class=\"has-text-align-center\"><strong>Price includes:<\/strong><\/p>\n\n\n\n<p class=\"has-text-align-center\">\u2022 Terrace for exclusive use during the ceremony<\/p>\n\n\n\n<p class=\"has-text-align-center\">\u2022 <em>Chairs for the bride and gro<\/em>o<em>m and guests with white covers<\/em><\/p>\n\n\n\n<p class=\"has-text-align-center\">\u2022 Table for the Official with a white cover<\/p>\n\n\n\n<p class=\"has-text-align-center\">\u2022 Emblem<\/p>\n\n\n\n<p class=\"has-text-align-center\">\u2022 A room with a toilet to prepare for the bride and groom<br><\/p>\n\n\n\n<p class=\"has-text-align-center\"><strong>OPTIONS ADDITIONALLY PAID TO CALCULATE<\/strong><\/p>\n\n\n\n<p class=\"has-text-align-center\">\u2022 Floral decoration of the terrace<\/p>\n\n\n\n<p class=\"has-text-align-center\">\u2022 A bouquet for the bride and groom<\/p>\n\n\n\n<p class=\"has-text-align-center\">\u2022 White or red carpet<\/p>\n\n\n\n<p class=\"has-text-align-center\">\u2022 Tulle for balustrades<\/p>\n\n\n\n<p class=\"has-text-align-center\">\u2022 Lanterns with candles<\/p>\n\n\n\n<p class=\"has-text-align-center\">\u2022 Photographer<\/p>\n\n\n\n<p class=\"has-text-align-center\">\u2022 Sound system<\/p>\n\n\n\n<p class=\"has-text-align-center\">\u2022 Live music \u2013 duet\/trio<\/p>\n\n\n\n<div class=\"download\">\n    <a class=\"download-link\" href=\"https:\/\/www.restauracjafilharmonia.pl\/wp-content\/uploads\/2024\/02\/EN-2024-Restauracja-FIlharmonia-OFERTA-ZASLUBIN-NA-TARASIE.doc\" target=\"_blank\">\n        <img decoding=\"async\" class=\"download-icon\" src=\"https:\/\/www.restauracjafilharmonia.pl\/wp-content\/themes\/WL-theme\/assets\/icons\/download.svg\">\n    <\/a>\n<\/div>\n\n<style>\n    .download {\n        margin-inline: auto;\n        margin-top: 2rem;\n        text-align: center;\n    }\n\n    .download-icon {\n        max-width: 50px;\n    }\n<\/style>\n\n\n<div style=\"height:100px\" aria-hidden=\"true\" class=\"wp-block-spacer\"><\/div>\n","protected":false},"excerpt":{"rendered":"<p>OFFER FOR ORGANIZING WEDDINGS ON THE TERRACE 2024 A wedding in an original place that will leave unforgettable memories and charm the invited guests. Or maybe a celebration on the roof of the Filharmonia Restaurant, where there is a viewing terrace overlooking the Mot\u0142awa River and D\u0142ugie Pobrze\u017ce? A ceremony in Gda\u0144sk surrounded by its [&hellip;]<\/p>\n","protected":false},"author":1,"featured_media":5206,"parent":5249,"menu_order":0,"comment_status":"closed","ping_status":"closed","template":"","meta":{"_acf_changed":false,"footnotes":""},"acf":[],"yoast_head":"<!-- This site is optimized with the Yoast SEO plugin v22.1 - https:\/\/yoast.com\/wordpress\/plugins\/seo\/ -->\n<title>Wedding ceremony on the terrace - Restauracja Filharmonia<\/title>\n<meta name=\"robots\" content=\"index, follow, max-snippet:-1, max-image-preview:large, max-video-preview:-1\" \/>\n<link rel=\"canonical\" href=\"https:\/\/www.restauracjafilharmonia.pl\/en\/weddings\/wedding-ceremony-on-the-terrace\/\" \/>\n<meta property=\"og:locale\" content=\"en_US\" \/>\n<meta property=\"og:type\" content=\"article\" \/>\n<meta property=\"og:title\" content=\"Wedding ceremony on the terrace - Restauracja Filharmonia\" \/>\n<meta property=\"og:description\" content=\"OFFER FOR ORGANIZING WEDDINGS ON THE TERRACE 2024 A wedding in an original place that will leave unforgettable memories and charm the invited guests. Or maybe a celebration on the roof of the Filharmonia Restaurant, where there is a viewing terrace overlooking the Mot\u0142awa River and D\u0142ugie Pobrze\u017ce? A ceremony in Gda\u0144sk surrounded by its [&hellip;]\" \/>\n<meta property=\"og:url\" content=\"https:\/\/www.restauracjafilharmonia.pl\/en\/weddings\/wedding-ceremony-on-the-terrace\/\" \/>\n<meta property=\"og:site_name\" content=\"Restauracja Filharmonia\" \/>\n<meta property=\"article:modified_time\" content=\"2024-02-02T13:48:47+00:00\" \/>\n<meta property=\"og:image\" content=\"https:\/\/www.restauracjafilharmonia.pl\/wp-content\/uploads\/2024\/01\/banner-imprezy-4-1.jpg\" \/>\n\t<meta property=\"og:image:width\" content=\"2200\" \/>\n\t<meta property=\"og:image:height\" content=\"798\" \/>\n\t<meta property=\"og:image:type\" content=\"image\/jpeg\" \/>\n<meta name=\"twitter:card\" content=\"summary_large_image\" \/>\n<meta name=\"twitter:label1\" content=\"Est. reading time\" \/>\n\t<meta name=\"twitter:data1\" content=\"2 minutes\" \/>\n<script type=\"application\/ld+json\" class=\"yoast-schema-graph\">{\"@context\":\"https:\/\/schema.org\",\"@graph\":[{\"@type\":\"WebPage\",\"@id\":\"https:\/\/www.restauracjafilharmonia.pl\/en\/weddings\/wedding-ceremony-on-the-terrace\/\",\"url\":\"https:\/\/www.restauracjafilharmonia.pl\/en\/weddings\/wedding-ceremony-on-the-terrace\/\",\"name\":\"Wedding ceremony on the terrace - Restauracja Filharmonia\",\"isPartOf\":{\"@id\":\"https:\/\/www.restauracjafilharmonia.pl\/en\/#website\"},\"datePublished\":\"2024-01-29T14:47:51+00:00\",\"dateModified\":\"2024-02-02T13:48:47+00:00\",\"breadcrumb\":{\"@id\":\"https:\/\/www.restauracjafilharmonia.pl\/en\/weddings\/wedding-ceremony-on-the-terrace\/#breadcrumb\"},\"inLanguage\":\"en-US\",\"potentialAction\":[{\"@type\":\"ReadAction\",\"target\":[\"https:\/\/www.restauracjafilharmonia.pl\/en\/weddings\/wedding-ceremony-on-the-terrace\/\"]}]},{\"@type\":\"BreadcrumbList\",\"@id\":\"https:\/\/www.restauracjafilharmonia.pl\/en\/weddings\/wedding-ceremony-on-the-terrace\/#breadcrumb\",\"itemListElement\":[{\"@type\":\"ListItem\",\"position\":1,\"name\":\"Strona g\u0142\u00f3wna\",\"item\":\"https:\/\/www.restauracjafilharmonia.pl\/en\/\"},{\"@type\":\"ListItem\",\"position\":2,\"name\":\"Weddings\",\"item\":\"https:\/\/www.restauracjafilharmonia.pl\/en\/weddings\/\"},{\"@type\":\"ListItem\",\"position\":3,\"name\":\"Wedding ceremony on the terrace\"}]},{\"@type\":\"WebSite\",\"@id\":\"https:\/\/www.restauracjafilharmonia.pl\/en\/#website\",\"url\":\"https:\/\/www.restauracjafilharmonia.pl\/en\/\",\"name\":\"Restauracja Filharmonia\",\"description\":\"Restauracja Filharmonia zlokalizowana w zabytkowym gda\u0144skim budynku to miejsce, kt\u00f3re proponuje autorskie menu oparte wy\u0142\u0105cznie na \u015bwie\u017cych, sezonowych produktach.\",\"potentialAction\":[{\"@type\":\"SearchAction\",\"target\":{\"@type\":\"EntryPoint\",\"urlTemplate\":\"https:\/\/www.restauracjafilharmonia.pl\/en\/?s={search_term_string}\"},\"query-input\":\"required name=search_term_string\"}],\"inLanguage\":\"en-US\"}]}<\/script>\n<!-- \/ Yoast SEO plugin. -->","yoast_head_json":{"title":"Wedding ceremony on the terrace - Restauracja Filharmonia","robots":{"index":"index","follow":"follow","max-snippet":"max-snippet:-1","max-image-preview":"max-image-preview:large","max-video-preview":"max-video-preview:-1"},"canonical":"https:\/\/www.restauracjafilharmonia.pl\/en\/weddings\/wedding-ceremony-on-the-terrace\/","og_locale":"en_US","og_type":"article","og_title":"Wedding ceremony on the terrace - Restauracja Filharmonia","og_description":"OFFER FOR ORGANIZING WEDDINGS ON THE TERRACE 2024 A wedding in an original place that will leave unforgettable memories and charm the invited guests. Or maybe a celebration on the roof of the Filharmonia Restaurant, where there is a viewing terrace overlooking the Mot\u0142awa River and D\u0142ugie Pobrze\u017ce? A ceremony in Gda\u0144sk surrounded by its [&hellip;]","og_url":"https:\/\/www.restauracjafilharmonia.pl\/en\/weddings\/wedding-ceremony-on-the-terrace\/","og_site_name":"Restauracja Filharmonia","article_modified_time":"2024-02-02T13:48:47+00:00","og_image":[{"width":2200,"height":798,"url":"https:\/\/www.restauracjafilharmonia.pl\/wp-content\/uploads\/2024\/01\/banner-imprezy-4-1.jpg","type":"image\/jpeg"}],"twitter_card":"summary_large_image","twitter_misc":{"Est. reading time":"2 minutes"},"schema":{"@context":"https:\/\/schema.org","@graph":[{"@type":"WebPage","@id":"https:\/\/www.restauracjafilharmonia.pl\/en\/weddings\/wedding-ceremony-on-the-terrace\/","url":"https:\/\/www.restauracjafilharmonia.pl\/en\/weddings\/wedding-ceremony-on-the-terrace\/","name":"Wedding ceremony on the terrace - Restauracja Filharmonia","isPartOf":{"@id":"https:\/\/www.restauracjafilharmonia.pl\/en\/#website"},"datePublished":"2024-01-29T14:47:51+00:00","dateModified":"2024-02-02T13:48:47+00:00","breadcrumb":{"@id":"https:\/\/www.restauracjafilharmonia.pl\/en\/weddings\/wedding-ceremony-on-the-terrace\/#breadcrumb"},"inLanguage":"en-US","potentialAction":[{"@type":"ReadAction","target":["https:\/\/www.restauracjafilharmonia.pl\/en\/weddings\/wedding-ceremony-on-the-terrace\/"]}]},{"@type":"BreadcrumbList","@id":"https:\/\/www.restauracjafilharmonia.pl\/en\/weddings\/wedding-ceremony-on-the-terrace\/#breadcrumb","itemListElement":[{"@type":"ListItem","position":1,"name":"Strona g\u0142\u00f3wna","item":"https:\/\/www.restauracjafilharmonia.pl\/en\/"},{"@type":"ListItem","position":2,"name":"Weddings","item":"https:\/\/www.restauracjafilharmonia.pl\/en\/weddings\/"},{"@type":"ListItem","position":3,"name":"Wedding ceremony on the terrace"}]},{"@type":"WebSite","@id":"https:\/\/www.restauracjafilharmonia.pl\/en\/#website","url":"https:\/\/www.restauracjafilharmonia.pl\/en\/","name":"Restauracja Filharmonia","description":"Restauracja Filharmonia zlokalizowana w zabytkowym gda\u0144skim budynku to miejsce, kt\u00f3re proponuje autorskie menu oparte wy\u0142\u0105cznie na \u015bwie\u017cych, sezonowych produktach.","potentialAction":[{"@type":"SearchAction","target":{"@type":"EntryPoint","urlTemplate":"https:\/\/www.restauracjafilharmonia.pl\/en\/?s={search_term_string}"},"query-input":"required name=search_term_string"}],"inLanguage":"en-US"}]}},"_links":{"self":[{"href":"https:\/\/www.restauracjafilharmonia.pl\/en\/wp-json\/wp\/v2\/pages\/5259"}],"collection":[{"href":"https:\/\/www.restauracjafilharmonia.pl\/en\/wp-json\/wp\/v2\/pages"}],"about":[{"href":"https:\/\/www.restauracjafilharmonia.pl\/en\/wp-json\/wp\/v2\/types\/page"}],"author":[{"embeddable":true,"href":"https:\/\/www.restauracjafilharmonia.pl\/en\/wp-json\/wp\/v2\/users\/1"}],"replies":[{"embeddable":true,"href":"https:\/\/www.restauracjafilharmonia.pl\/en\/wp-json\/wp\/v2\/comments?post=5259"}],"version-history":[{"count":5,"href":"https:\/\/www.restauracjafilharmonia.pl\/en\/wp-json\/wp\/v2\/pages\/5259\/revisions"}],"predecessor-version":[{"id":5572,"href":"https:\/\/www.restauracjafilharmonia.pl\/en\/wp-json\/wp\/v2\/pages\/5259\/revisions\/5572"}],"up":[{"embeddable":true,"href":"https:\/\/www.restauracjafilharmonia.pl\/en\/wp-json\/wp\/v2\/pages\/5249"}],"wp:featuredmedia":[{"embeddable":true,"href":"https:\/\/www.restauracjafilharmonia.pl\/en\/wp-json\/wp\/v2\/media\/5206"}],"wp:attachment":[{"href":"https:\/\/www.restauracjafilharmonia.pl\/en\/wp-json\/wp\/v2\/media?parent=5259"}],"curies":[{"name":"wp","href":"https:\/\/api.w.org\/{rel}","templated":true}]}}