{"id":5257,"date":"2024-01-29T14:47:05","date_gmt":"2024-01-29T14:47:05","guid":{"rendered":"https:\/\/www.restauracjafilharmonia.pl\/?page_id=5257"},"modified":"2024-02-02T13:49:04","modified_gmt":"2024-02-02T13:49:04","slug":"wedding-dinner","status":"publish","type":"page","link":"https:\/\/www.restauracjafilharmonia.pl\/en\/weddings\/wedding-dinner\/","title":{"rendered":"Wedding dinner"},"content":{"rendered":"\n<div style=\"height:100px\" aria-hidden=\"true\" class=\"wp-block-spacer\"><\/div>\n\n\n\n<h2 class=\"wp-block-heading has-text-align-center\"><strong>OFFER OF ORGANIZING WEDDING DINNER 2024<\/strong><\/h2>\n\n\n\n<p class=\"has-text-align-center\"><br><br><strong>Do you want to celebrate your wedding ceremony with your closest family and friends, but without a big party? The Filharmonia Restaurant is the perfect place to organize a Wedding Dinner, we can organize it in one of three intimate rooms. An exquisite menu and elegant interiors by the waters of the Mot\u0142awa River are a guarantee of the perfect setting for such a special day. An additional attraction may be an outdoor wedding ceremony on the roof of our restaurant surrounded by a beautiful panorama of historic Gda\u0144sk.<\/strong><br><br><\/p>\n\n\n\n<h4 class=\"wp-block-heading has-text-align-center\"><strong>MENU OFFER I &#8211; Price PLN 199\/person<\/strong><\/h4>\n\n\n\n<p class=\"has-text-align-center\"><strong>Appetizer<\/strong><\/p>\n\n\n\n<p class=\"has-text-align-center\">Pate, forest fruit mousse, arugula, nut crumble<\/p>\n\n\n\n<p class=\"has-text-align-center\"><strong>Soup<\/strong><\/p>\n\n\n\n<p class=\"has-text-align-center\">Broccoli cream with blue cheese and herb-butter croutons<\/p>\n\n\n\n<p class=\"has-text-align-center\"><strong>Main course<\/strong><\/p>\n\n\n\n<p class=\"has-text-align-center\">Chicken fillet stuffed with dried tomatoes and Camembert cheese, wrapped in ripening ham, potato gratin, garden lettuce with tomatoes and strawberry vinaigrette<\/p>\n\n\n\n<p class=\"has-text-align-center\"><strong>Dessert<\/strong><\/p>\n\n\n\n<p class=\"has-text-align-center\">Italian tiramisu<\/p>\n\n\n\n<p class=\"has-text-align-center\"><strong>Unlimited soft drinks<\/strong><\/p>\n\n\n\n<p class=\"has-text-align-center\">Coffee (milk, sugar), tea (lemon, sugar)<\/p>\n\n\n\n<p class=\"has-text-align-center\">Mineral water<br><\/p>\n\n\n\n<h4 class=\"wp-block-heading has-text-align-center\"><strong>MENU OFFER II &#8211; Price PLN 229\/person<\/strong><\/h4>\n\n\n\n<p class=\"has-text-align-center\"><strong>Appetizer<\/strong><\/p>\n\n\n\n<p class=\"has-text-align-center\">Grawlax, arugula, citrus emulsion, cherry tomatoes<\/p>\n\n\n\n<p class=\"has-text-align-center\"><strong>Soup<\/strong><\/p>\n\n\n\n<p class=\"has-text-align-center\">Cream of white vegetables with truffle oil<\/p>\n\n\n\n<p class=\"has-text-align-center\"><strong>Main course<\/strong><\/p>\n\n\n\n<p class=\"has-text-align-center\">Pork tenderloin stewed in cider, apple-rosemary chutney, potato rosti, caramelized beetroots<\/p>\n\n\n\n<p class=\"has-text-align-center\"><strong>Dessert<\/strong><\/p>\n\n\n\n<p class=\"has-text-align-center\">Brownie with vanilla ice cream and cherries<\/p>\n\n\n\n<p class=\"has-text-align-center\"><strong>Unlimited soft drinks<\/strong><\/p>\n\n\n\n<p class=\"has-text-align-center\">Coffee (milk, sugar), tea (lemon, sugar)<\/p>\n\n\n\n<p class=\"has-text-align-center\">Mineral water<br><br><\/p>\n\n\n\n<h4 class=\"wp-block-heading has-text-align-center\"><strong>MENU OFFER III &#8211; Price PLN 269\/person<\/strong><\/h4>\n\n\n\n<p class=\"has-text-align-center\"><strong>Appetizer<\/strong><\/p>\n\n\n\n<p class=\"has-text-align-center\">Beef carpaccio, balsamic-horseradish sauce, parmesan, herbal croutons<\/p>\n\n\n\n<p class=\"has-text-align-center\"><strong>Soup<\/strong><\/p>\n\n\n\n<p class=\"has-text-align-center\">Cream of forest mushrooms, creme fraiche<\/p>\n\n\n\n<p class=\"has-text-align-center\"><strong>Main course<\/strong><\/p>\n\n\n\n<p class=\"has-text-align-center\">Duck leg, red cabbage, gnocchi dumplings, plum sauce, plum<\/p>\n\n\n\n<p class=\"has-text-align-center\"><strong>Dessert<\/strong><\/p>\n\n\n\n<p class=\"has-text-align-center\">Classic Creme Brulee with vanilla bean<\/p>\n\n\n\n<p class=\"has-text-align-center\"><strong>Unlimited soft drinks<\/strong><\/p>\n\n\n\n<p class=\"has-text-align-center\">Coffee (milk, sugar), tea (lemon, sugar)<\/p>\n\n\n\n<p class=\"has-text-align-center\">Mineral water<\/p>\n\n\n\n<p class=\"has-text-align-center\"><strong>ADDITIONAL OPTIONS<\/strong><\/p>\n\n\n\n<p class=\"has-text-align-center\"><strong>Unlimited drinks package &#8211; price PLN 35\/person<\/strong><\/p>\n\n\n\n<p class=\"has-text-align-center\">*Sparkling water<\/p>\n\n\n\n<p class=\"has-text-align-center\">*Softs (Pepsi, Mirinda, 7UP, TONIK)<\/p>\n\n\n\n<p class=\"has-text-align-center\">*Natural fruit juices<\/p>\n\n\n\n<p class=\"has-text-align-center\"><strong>Alcohols<\/strong><\/p>\n\n\n\n<p class=\"has-text-align-center\">*Tyskie beer on tap &#8211; price PLN 17 0.5l<\/p>\n\n\n\n<p class=\"has-text-align-center\">*Wyborowa vodka &#8211; price PLN 95 \/ bottle. 0.5l<\/p>\n\n\n\n<p class=\"has-text-align-center\">*Frederic Chopin sparkling wine &#8211; price PLN 75\/bottle. 0.75l<\/p>\n\n\n\n<p class=\"has-text-align-center\">*Dry white and red wine &#8211; price PLN 75 \/ bottle. 0.75l<\/p>\n\n\n\n<p class=\"has-text-align-center\">*Ballantines\/Johnny Walker Red Label whiskey \u2013 price PLN 190\/bottle. 0.7l<\/p>\n\n\n\n<p class=\"has-text-align-center\">*Jack Daniels whiskey &#8211; price PLN 250\/bottle. 0.7l<\/p>\n\n\n\n<p class=\"has-text-align-center\">*Own alcohol &#8211; price PLN 28\/person<\/p>\n\n\n\n<p class=\"has-text-align-center\"><strong>Desserts and sweets<\/strong><\/p>\n\n\n\n<p class=\"has-text-align-center\">Occasional cake &#8211; price from PLN 20\/person<\/p>\n\n\n\n<p class=\"has-text-align-center\">(flavor and shape to choose from \u2013 120g\/person)<\/p>\n\n\n\n<p class=\"has-text-align-center\"><strong>Selection of cakes and sweets in cupcake liners &#8211; price PLN 30\/person<\/strong><\/p>\n\n\n\n<p class=\"has-text-align-center\">(flavors to choose from \u2013 3 pcs\/person)<\/p>\n\n\n\n<p class=\"has-text-align-center\"><strong>Freshly cut filleted fruit &#8211; price PLN 24\/person<\/strong><\/p>\n\n\n\n<p class=\"has-text-align-center\">(three types of fruit)<\/p>\n\n\n\n<p class=\"has-text-align-center\"><strong>Additional hot dish<\/strong><\/p>\n\n\n\n<p class=\"has-text-align-center\">*Red borscht with p\u00e2t\u00e9 &#8211; price PLN 19\/person<\/p>\n\n\n\n<p class=\"has-text-align-center\">*Sour rye soup with sausage and egg &#8211; price PLN 21\/person<\/p>\n\n\n\n<p class=\"has-text-align-center\">*Hungarian Gulalaves soup &#8211; PLN 30 \/ person<\/p>\n\n\n\n<p class=\"has-text-align-center\">*Roasted pork leg marinated in herbs and honey \u2013 PLN 1,650\/piece, approx. 13kg for approx. 40 people.<\/p>\n\n\n\n<p class=\"has-text-align-center\">*Turkey baked in citrus fruits &#8211; PLN 1,350\/piece, approx. 13 kg for approx. 30 people.<\/p>\n\n\n\n<p class=\"has-text-align-center\">*Goose baked in oranges \u2013 PLN 600\/piece for approx. 12 people<\/p>\n\n\n\n<p class=\"has-text-align-center\"><strong>Cold appetizer buffet &#8211; Price PLN 85\/person (for min. 20 people)<\/strong><\/p>\n\n\n\n<p class=\"has-text-align-center\">(8 appetizers to choose from the list below)<\/p>\n\n\n\n<p class=\"has-text-align-center\">*Slow-cooked tenderloin stuffed with plum<\/p>\n\n\n\n<p class=\"has-text-align-center\">*Traditional pork loin baked in marjoram<\/p>\n\n\n\n<p class=\"has-text-align-center\">*Pork neck baked in Thai marinade<\/p>\n\n\n\n<p class=\"has-text-align-center\">*Venison pate with horseradish cream<\/p>\n\n\n\n<p class=\"has-text-align-center\">*Juicy melon with ripening ham and dried tomato<\/p>\n\n\n\n<p class=\"has-text-align-center\">*Slices of smoked turkey breast with cranberry jelly<\/p>\n\n\n\n<p class=\"has-text-align-center\">*Salmon fillet in lemon jelly<\/p>\n\n\n\n<p class=\"has-text-align-center\">*Mini creps with smoked salmon, spinach and ricotta<\/p>\n\n\n\n<p class=\"has-text-align-center\">*Torpedo shrimp in crispy breadcrumbs<\/p>\n\n\n\n<p class=\"has-text-align-center\">*Herring, traditionally Kashubian<\/p>\n\n\n\n<p class=\"has-text-align-center\">*Herring tartare with red onion<\/p>\n\n\n\n<p class=\"has-text-align-center\">*Tortillas with vegetable salsa<\/p>\n\n\n\n<p class=\"has-text-align-center\">*Grilled vegetables with herbs and extra virgin olive oil<\/p>\n\n\n\n<p class=\"has-text-align-center\">*Cucumber vou la vent stuffed with chive cream<\/p>\n\n\n\n<p class=\"has-text-align-center\">*Mozzarella with tomatoes and basil<\/p>\n\n\n\n<p class=\"has-text-align-center\">*Mixed salads with balsamic dressing, cherry tomatoes, grana padano cheese<\/p>\n\n\n\n<p class=\"has-text-align-center\">*Salad with grilled chicken, penne pasta and marinated zucchini<\/p>\n\n\n\n<p class=\"has-text-align-center\">*Salad Ni\u00e7oise \u2013 tuna, egg, beans, olives, red onion, lettuce, pasta<\/p>\n\n\n\n<p class=\"has-text-align-center\">*Polish vegetable salad with green peas<\/p>\n\n\n\n<p class=\"has-text-align-center\">*Greek salad with feta cheese and olives<br><\/p>\n\n\n\n<p class=\"has-text-align-center\">All appetizers are served with homemade marinades and dips<\/p>\n\n\n\n<p class=\"has-text-align-center\">and bread and butter<\/p>\n\n\n\n<p class=\"has-text-align-center\"><strong>A 10% service fee is added to the bill<\/strong><\/p>\n\n\n\n<div class=\"download\">\n    <a class=\"download-link\" href=\"https:\/\/www.restauracjafilharmonia.pl\/wp-content\/uploads\/2024\/02\/EN-2024-Restauracja-FIlharmonia-OFERTA-ORGANIZACJI-OBIADU-WESELNEGO.doc\" target=\"_blank\">\n        <img decoding=\"async\" class=\"download-icon\" src=\"https:\/\/www.restauracjafilharmonia.pl\/wp-content\/themes\/WL-theme\/assets\/icons\/download.svg\">\n    <\/a>\n<\/div>\n\n<style>\n    .download {\n        margin-inline: auto;\n        margin-top: 2rem;\n        text-align: center;\n    }\n\n    .download-icon {\n        max-width: 50px;\n    }\n<\/style>\n\n\n<div style=\"height:100px\" aria-hidden=\"true\" class=\"wp-block-spacer\"><\/div>\n","protected":false},"excerpt":{"rendered":"<p>OFFER OF ORGANIZING WEDDING DINNER 2024 Do you want to celebrate your wedding ceremony with your closest family and friends, but without a big party? The Filharmonia Restaurant is the perfect place to organize a Wedding Dinner, we can organize it in one of three intimate rooms. An exquisite menu and elegant interiors by the [&hellip;]<\/p>\n","protected":false},"author":1,"featured_media":5206,"parent":5249,"menu_order":0,"comment_status":"closed","ping_status":"closed","template":"","meta":{"_acf_changed":false,"footnotes":""},"acf":[],"yoast_head":"<!-- This site is optimized with the Yoast SEO plugin v22.1 - https:\/\/yoast.com\/wordpress\/plugins\/seo\/ -->\n<title>Wedding dinner - Restauracja Filharmonia<\/title>\n<meta name=\"robots\" content=\"index, follow, max-snippet:-1, max-image-preview:large, max-video-preview:-1\" \/>\n<link rel=\"canonical\" href=\"https:\/\/www.restauracjafilharmonia.pl\/en\/weddings\/wedding-dinner\/\" \/>\n<meta property=\"og:locale\" content=\"en_US\" \/>\n<meta property=\"og:type\" content=\"article\" \/>\n<meta property=\"og:title\" content=\"Wedding dinner - Restauracja Filharmonia\" \/>\n<meta property=\"og:description\" content=\"OFFER OF ORGANIZING WEDDING DINNER 2024 Do you want to celebrate your wedding ceremony with your closest family and friends, but without a big party? The Filharmonia Restaurant is the perfect place to organize a Wedding Dinner, we can organize it in one of three intimate rooms. An exquisite menu and elegant interiors by the [&hellip;]\" \/>\n<meta property=\"og:url\" content=\"https:\/\/www.restauracjafilharmonia.pl\/en\/weddings\/wedding-dinner\/\" \/>\n<meta property=\"og:site_name\" content=\"Restauracja Filharmonia\" \/>\n<meta property=\"article:modified_time\" content=\"2024-02-02T13:49:04+00:00\" \/>\n<meta property=\"og:image\" content=\"https:\/\/www.restauracjafilharmonia.pl\/wp-content\/uploads\/2024\/01\/banner-imprezy-4-1.jpg\" \/>\n\t<meta property=\"og:image:width\" content=\"2200\" \/>\n\t<meta property=\"og:image:height\" content=\"798\" \/>\n\t<meta property=\"og:image:type\" content=\"image\/jpeg\" \/>\n<meta name=\"twitter:card\" content=\"summary_large_image\" \/>\n<meta name=\"twitter:label1\" content=\"Est. reading time\" \/>\n\t<meta name=\"twitter:data1\" content=\"4 minutes\" \/>\n<script type=\"application\/ld+json\" class=\"yoast-schema-graph\">{\"@context\":\"https:\/\/schema.org\",\"@graph\":[{\"@type\":\"WebPage\",\"@id\":\"https:\/\/www.restauracjafilharmonia.pl\/en\/weddings\/wedding-dinner\/\",\"url\":\"https:\/\/www.restauracjafilharmonia.pl\/en\/weddings\/wedding-dinner\/\",\"name\":\"Wedding dinner - Restauracja Filharmonia\",\"isPartOf\":{\"@id\":\"https:\/\/www.restauracjafilharmonia.pl\/en\/#website\"},\"datePublished\":\"2024-01-29T14:47:05+00:00\",\"dateModified\":\"2024-02-02T13:49:04+00:00\",\"breadcrumb\":{\"@id\":\"https:\/\/www.restauracjafilharmonia.pl\/en\/weddings\/wedding-dinner\/#breadcrumb\"},\"inLanguage\":\"en-US\",\"potentialAction\":[{\"@type\":\"ReadAction\",\"target\":[\"https:\/\/www.restauracjafilharmonia.pl\/en\/weddings\/wedding-dinner\/\"]}]},{\"@type\":\"BreadcrumbList\",\"@id\":\"https:\/\/www.restauracjafilharmonia.pl\/en\/weddings\/wedding-dinner\/#breadcrumb\",\"itemListElement\":[{\"@type\":\"ListItem\",\"position\":1,\"name\":\"Strona g\u0142\u00f3wna\",\"item\":\"https:\/\/www.restauracjafilharmonia.pl\/en\/\"},{\"@type\":\"ListItem\",\"position\":2,\"name\":\"Weddings\",\"item\":\"https:\/\/www.restauracjafilharmonia.pl\/en\/weddings\/\"},{\"@type\":\"ListItem\",\"position\":3,\"name\":\"Wedding dinner\"}]},{\"@type\":\"WebSite\",\"@id\":\"https:\/\/www.restauracjafilharmonia.pl\/en\/#website\",\"url\":\"https:\/\/www.restauracjafilharmonia.pl\/en\/\",\"name\":\"Restauracja Filharmonia\",\"description\":\"Restauracja Filharmonia zlokalizowana w zabytkowym gda\u0144skim budynku to miejsce, kt\u00f3re proponuje autorskie menu oparte wy\u0142\u0105cznie na \u015bwie\u017cych, sezonowych produktach.\",\"potentialAction\":[{\"@type\":\"SearchAction\",\"target\":{\"@type\":\"EntryPoint\",\"urlTemplate\":\"https:\/\/www.restauracjafilharmonia.pl\/en\/?s={search_term_string}\"},\"query-input\":\"required name=search_term_string\"}],\"inLanguage\":\"en-US\"}]}<\/script>\n<!-- \/ Yoast SEO plugin. -->","yoast_head_json":{"title":"Wedding dinner - Restauracja Filharmonia","robots":{"index":"index","follow":"follow","max-snippet":"max-snippet:-1","max-image-preview":"max-image-preview:large","max-video-preview":"max-video-preview:-1"},"canonical":"https:\/\/www.restauracjafilharmonia.pl\/en\/weddings\/wedding-dinner\/","og_locale":"en_US","og_type":"article","og_title":"Wedding dinner - Restauracja Filharmonia","og_description":"OFFER OF ORGANIZING WEDDING DINNER 2024 Do you want to celebrate your wedding ceremony with your closest family and friends, but without a big party? The Filharmonia Restaurant is the perfect place to organize a Wedding Dinner, we can organize it in one of three intimate rooms. An exquisite menu and elegant interiors by the [&hellip;]","og_url":"https:\/\/www.restauracjafilharmonia.pl\/en\/weddings\/wedding-dinner\/","og_site_name":"Restauracja Filharmonia","article_modified_time":"2024-02-02T13:49:04+00:00","og_image":[{"width":2200,"height":798,"url":"https:\/\/www.restauracjafilharmonia.pl\/wp-content\/uploads\/2024\/01\/banner-imprezy-4-1.jpg","type":"image\/jpeg"}],"twitter_card":"summary_large_image","twitter_misc":{"Est. reading time":"4 minutes"},"schema":{"@context":"https:\/\/schema.org","@graph":[{"@type":"WebPage","@id":"https:\/\/www.restauracjafilharmonia.pl\/en\/weddings\/wedding-dinner\/","url":"https:\/\/www.restauracjafilharmonia.pl\/en\/weddings\/wedding-dinner\/","name":"Wedding dinner - Restauracja Filharmonia","isPartOf":{"@id":"https:\/\/www.restauracjafilharmonia.pl\/en\/#website"},"datePublished":"2024-01-29T14:47:05+00:00","dateModified":"2024-02-02T13:49:04+00:00","breadcrumb":{"@id":"https:\/\/www.restauracjafilharmonia.pl\/en\/weddings\/wedding-dinner\/#breadcrumb"},"inLanguage":"en-US","potentialAction":[{"@type":"ReadAction","target":["https:\/\/www.restauracjafilharmonia.pl\/en\/weddings\/wedding-dinner\/"]}]},{"@type":"BreadcrumbList","@id":"https:\/\/www.restauracjafilharmonia.pl\/en\/weddings\/wedding-dinner\/#breadcrumb","itemListElement":[{"@type":"ListItem","position":1,"name":"Strona g\u0142\u00f3wna","item":"https:\/\/www.restauracjafilharmonia.pl\/en\/"},{"@type":"ListItem","position":2,"name":"Weddings","item":"https:\/\/www.restauracjafilharmonia.pl\/en\/weddings\/"},{"@type":"ListItem","position":3,"name":"Wedding dinner"}]},{"@type":"WebSite","@id":"https:\/\/www.restauracjafilharmonia.pl\/en\/#website","url":"https:\/\/www.restauracjafilharmonia.pl\/en\/","name":"Restauracja Filharmonia","description":"Restauracja Filharmonia zlokalizowana w zabytkowym gda\u0144skim budynku to miejsce, kt\u00f3re proponuje autorskie menu oparte wy\u0142\u0105cznie na \u015bwie\u017cych, sezonowych produktach.","potentialAction":[{"@type":"SearchAction","target":{"@type":"EntryPoint","urlTemplate":"https:\/\/www.restauracjafilharmonia.pl\/en\/?s={search_term_string}"},"query-input":"required name=search_term_string"}],"inLanguage":"en-US"}]}},"_links":{"self":[{"href":"https:\/\/www.restauracjafilharmonia.pl\/en\/wp-json\/wp\/v2\/pages\/5257"}],"collection":[{"href":"https:\/\/www.restauracjafilharmonia.pl\/en\/wp-json\/wp\/v2\/pages"}],"about":[{"href":"https:\/\/www.restauracjafilharmonia.pl\/en\/wp-json\/wp\/v2\/types\/page"}],"author":[{"embeddable":true,"href":"https:\/\/www.restauracjafilharmonia.pl\/en\/wp-json\/wp\/v2\/users\/1"}],"replies":[{"embeddable":true,"href":"https:\/\/www.restauracjafilharmonia.pl\/en\/wp-json\/wp\/v2\/comments?post=5257"}],"version-history":[{"count":5,"href":"https:\/\/www.restauracjafilharmonia.pl\/en\/wp-json\/wp\/v2\/pages\/5257\/revisions"}],"predecessor-version":[{"id":5576,"href":"https:\/\/www.restauracjafilharmonia.pl\/en\/wp-json\/wp\/v2\/pages\/5257\/revisions\/5576"}],"up":[{"embeddable":true,"href":"https:\/\/www.restauracjafilharmonia.pl\/en\/wp-json\/wp\/v2\/pages\/5249"}],"wp:featuredmedia":[{"embeddable":true,"href":"https:\/\/www.restauracjafilharmonia.pl\/en\/wp-json\/wp\/v2\/media\/5206"}],"wp:attachment":[{"href":"https:\/\/www.restauracjafilharmonia.pl\/en\/wp-json\/wp\/v2\/media?parent=5257"}],"curies":[{"name":"wp","href":"https:\/\/api.w.org\/{rel}","templated":true}]}}