{"id":5255,"date":"2024-01-29T14:46:15","date_gmt":"2024-01-29T14:46:15","guid":{"rendered":"https:\/\/www.restauracjafilharmonia.pl\/?page_id=5255"},"modified":"2024-02-02T13:49:20","modified_gmt":"2024-02-02T13:49:20","slug":"wedding-party","status":"publish","type":"page","link":"https:\/\/www.restauracjafilharmonia.pl\/en\/weddings\/wedding-party\/","title":{"rendered":"Wedding party"},"content":{"rendered":"\n<div style=\"height:100px\" aria-hidden=\"true\" class=\"wp-block-spacer\"><\/div>\n\n\n\n<h2 class=\"wp-block-heading has-text-align-center\"><strong>WEDDING PARTY ORGANIZATION OFFER &#8211; FILHARMONIA RESTAURANT 2024<\/strong><\/h2>\n\n\n\n<p class=\"has-text-align-center\"><br><br><strong>A wedding is one of the most important events in the lives of young people and their parents.<\/strong><br><strong>One of the most important decisions is the choice of the place of the wedding party. To meet the needs of young people, we have prepared unique conditions for a successful evening. Filharmonia Restaurant right on the river with a beautiful view of the Old Town, exclusive until 4 a.m. We organize wedding party for 40-65 people. An additional attraction may be an outdoor wedding ceremony on the roof of our restaurant, surrounded by a beautiful panorama of historic Gda\u0144sk.<\/strong><br><br><\/p>\n\n\n\n<h4 class=\"wp-block-heading has-text-align-center\"><strong>MENU NO. 1 &#8211; PLN 329\/person<\/strong><\/h4>\n\n\n\n<p class=\"has-text-align-center\"><strong>Appetizer<\/strong><\/p>\n\n\n\n<p class=\"has-text-align-center\">Matyjas tartare on potato pancake, red onion, lime, arugula<\/p>\n\n\n\n<p class=\"has-text-align-center\"><strong>Soup<\/strong><\/p>\n\n\n\n<p class=\"has-text-align-center\">Cock broth with homemade noodles<\/p>\n\n\n\n<p class=\"has-text-align-center\"><strong>Main course<\/strong><\/p>\n\n\n\n<p class=\"has-text-align-center\">Noble ham stewed in red wine, served with Portobello sauce, mashed potatoes, beetroot glazed with heather honey<\/p>\n\n\n\n<p class=\"has-text-align-center\"><strong>Dessert<\/strong><\/p>\n\n\n\n<p class=\"has-text-align-center\">Chocolate brownie with vanilla sauce and cherries<\/p>\n\n\n\n<p class=\"has-text-align-center\"><strong>Hot dish served after 24.00<\/strong><\/p>\n\n\n\n<p class=\"has-text-align-center\">Red borscht with p\u00e2t\u00e9<\/p>\n\n\n\n<p class=\"has-text-align-center\"><strong>Dessert buffet 2 pcs\/person<\/strong><\/p>\n\n\n\n<p class=\"has-text-align-center\">Blackberry pie<\/p>\n\n\n\n<p class=\"has-text-align-center\">Strawberry cake<\/p>\n\n\n\n<p class=\"has-text-align-center\">Coconut cake<\/p>\n\n\n\n<p class=\"has-text-align-center\">Baked cheesecake<\/p>\n\n\n\n<p class=\"has-text-align-center\">Fresh cut fruit<\/p>\n\n\n\n<p class=\"has-text-align-center\"><strong>Cold buffet 250g\/person<\/strong><\/p>\n\n\n\n<p class=\"has-text-align-center\">Smoked trout on horseradish lettuce<\/p>\n\n\n\n<p class=\"has-text-align-center\">Mini creps with smoked salmon, spinach and ricotta<\/p>\n\n\n\n<p class=\"has-text-align-center\">Herring trio (apple-cream, onion-olive oil, salas-pomodoro)<\/p>\n\n\n\n<p class=\"has-text-align-center\">Chef&#8217;s p\u00e2t\u00e9 with horseradish mousse<\/p>\n\n\n\n<p class=\"has-text-align-center\">Traditional pork loin baked in marjoram<\/p>\n\n\n\n<p class=\"has-text-align-center\">A selection of dried sausages and kabanos<\/p>\n\n\n\n<p class=\"has-text-align-center\">Blue and hard cheeses with grapes and grissini sticks<\/p>\n\n\n\n<p class=\"has-text-align-center\">Mozzarella with tomatoes and basil<\/p>\n\n\n\n<p class=\"has-text-align-center\">Traditional vegetable Salad<\/p>\n\n\n\n<p class=\"has-text-align-center\">Greek salad with feta cheese and olives<\/p>\n\n\n\n<p class=\"has-text-align-center\">Marinades and dips<\/p>\n\n\n\n<p class=\"has-text-align-center\">Bread, butter<\/p>\n\n\n\n<p class=\"has-text-align-center\"><strong>Unlimited drinks package<\/strong><\/p>\n\n\n\n<p class=\"has-text-align-center\">Sparkling and still mineral water<\/p>\n\n\n\n<p class=\"has-text-align-center\">Softs (Pepsi, 7 up, Mirinda)<\/p>\n\n\n\n<p class=\"has-text-align-center\">Natural fruit juices (orange, apple, grapefruit)<\/p>\n\n\n\n<p class=\"has-text-align-center\">Coffee and tea with extras<br><\/p>\n\n\n\n<h4 class=\"wp-block-heading has-text-align-center\"><strong>MENU NO. 2 &#8211; PLN 389\/person<\/strong><\/h4>\n\n\n\n<p class=\"has-text-align-center\"><strong>Appetizer<\/strong><\/p>\n\n\n\n<p class=\"has-text-align-center\">Duck rillettes, oranges, lamb&#8217;s lettuce, cranberries<\/p>\n\n\n\n<p class=\"has-text-align-center\"><strong>Soup<\/strong><\/p>\n\n\n\n<p class=\"has-text-align-center\">Green pea cream, carrot chips<\/p>\n\n\n\n<p class=\"has-text-align-center\"><strong>Main course<\/strong><\/p>\n\n\n\n<p class=\"has-text-align-center\">Pork tenderloin, rosemary roasted root vegetables, leek and tarragon sauce, potato rostii<\/p>\n\n\n\n<p class=\"has-text-align-center\"><strong>Dessert<\/strong><\/p>\n\n\n\n<p class=\"has-text-align-center\">Currant tart, vanilla sauce<\/p>\n\n\n\n<p class=\"has-text-align-center\"><strong>Hot dish served after 24.00<\/strong><\/p>\n\n\n\n<p class=\"has-text-align-center\">Traditional Polish sour rye soup with egg<\/p>\n\n\n\n<p class=\"has-text-align-center\"><strong>Dessert buffet 2.5 pcs\/person<\/strong><\/p>\n\n\n\n<p class=\"has-text-align-center\">Coconut panna cotta with peach sauce<\/p>\n\n\n\n<p class=\"has-text-align-center\">Chocolate pudding with cherries<\/p>\n\n\n\n<p class=\"has-text-align-center\">Apple pie<\/p>\n\n\n\n<p class=\"has-text-align-center\">Raspberry cake<\/p>\n\n\n\n<p class=\"has-text-align-center\">Fresh cut fruit<\/p>\n\n\n\n<p class=\"has-text-align-center\"><strong>Cold buffet 250g\/person<\/strong><\/p>\n\n\n\n<p class=\"has-text-align-center\">Smoked trout on horseradish lettuce<\/p>\n\n\n\n<p class=\"has-text-align-center\">Salmon jelly with vegetables<\/p>\n\n\n\n<p class=\"has-text-align-center\">Mini creps with smoked salmon, spinach and ricotta<\/p>\n\n\n\n<p class=\"has-text-align-center\">Herring trio (apple-cream, onion-olive oil, salas-pomodoro)<\/p>\n\n\n\n<p class=\"has-text-align-center\">Chef&#8217;s p\u00e2t\u00e9 with horseradish mousse<\/p>\n\n\n\n<p class=\"has-text-align-center\">Traditional pork loin baked in marjoram<\/p>\n\n\n\n<p class=\"has-text-align-center\">Sous vide tenderloin in rosemary<\/p>\n\n\n\n<p class=\"has-text-align-center\">A selection of dried sausages and kabanos<\/p>\n\n\n\n<p class=\"has-text-align-center\">Blue and hard cheeses with grapes and grissini sticks<\/p>\n\n\n\n<p class=\"has-text-align-center\">Mozzarella with tomatoes and basil<\/p>\n\n\n\n<p class=\"has-text-align-center\">Salad Ni\u00e7oise &#8211; tuna, egg, beans, olives, red onion, lettuce<\/p>\n\n\n\n<p class=\"has-text-align-center\">Caesar salad with grilled chicken and Parmesan cheese<\/p>\n\n\n\n<p class=\"has-text-align-center\">Marinades and dips<\/p>\n\n\n\n<p class=\"has-text-align-center\">Bread, butter<\/p>\n\n\n\n<p class=\"has-text-align-center\"><strong>Unlimited drinks package<\/strong><\/p>\n\n\n\n<p class=\"has-text-align-center\">Sparkling and still mineral water<\/p>\n\n\n\n<p class=\"has-text-align-center\">Softs (Pepsi, 7 up, Mirinda)<\/p>\n\n\n\n<p class=\"has-text-align-center\">Natural fruit juices (orange, apple, grapefruit)<\/p>\n\n\n\n<p class=\"has-text-align-center\">Coffee and tea with extras<br><\/p>\n\n\n\n<h4 class=\"wp-block-heading has-text-align-center\"><strong>MENU NO. 3 &#8211; PLN 475\/person<\/strong><\/h4>\n\n\n\n<p class=\"has-text-align-center\"><strong>Appetizer<\/strong><\/p>\n\n\n\n<p class=\"has-text-align-center\">Fried shrimps, served on Wakame seaweed salad, citrus fruits<\/p>\n\n\n\n<p class=\"has-text-align-center\"><strong>Soup<\/strong><\/p>\n\n\n\n<p class=\"has-text-align-center\">Bolete cream with herbal foam<\/p>\n\n\n\n<p class=\"has-text-align-center\"><strong>Main course<\/strong><\/p>\n\n\n\n<p class=\"has-text-align-center\">Lamb shank, bearnaise sauce, asparagus, dill potatoes<\/p>\n\n\n\n<p class=\"has-text-align-center\"><strong>Dessert<\/strong><\/p>\n\n\n\n<p class=\"has-text-align-center\">American style parfite, stratatella ice cream with cherries in hot chocolate with walnuts<\/p>\n\n\n\n<p class=\"has-text-align-center\"><strong>Hot dish served after 9 p.m<\/strong><\/p>\n\n\n\n<p class=\"has-text-align-center\">Baked pork leg marinated in herbs and honey on cabbage, roasted potatoes from the oven<\/p>\n\n\n\n<p class=\"has-text-align-center\"><strong>Hot dish served after 24.00<\/strong><\/p>\n\n\n\n<p class=\"has-text-align-center\">Hungarian Gulaslaves soup with beef and dumplings<\/p>\n\n\n\n<p class=\"has-text-align-center\"><strong>Dessert buffet 3 pcs\/person<\/strong><\/p>\n\n\n\n<p class=\"has-text-align-center\">Coconut panna cotta with peach sauce<\/p>\n\n\n\n<p class=\"has-text-align-center\">Mango raspberry mousse<\/p>\n\n\n\n<p class=\"has-text-align-center\">Cheesecake with chocolate chips<\/p>\n\n\n\n<p class=\"has-text-align-center\">Marcello cake with cherries<\/p>\n\n\n\n<p class=\"has-text-align-center\">Raspberry cake<\/p>\n\n\n\n<p class=\"has-text-align-center\">Fresh cut fruit<\/p>\n\n\n\n<p class=\"has-text-align-center\"><strong>Cold buffet 250g\/person<\/strong><\/p>\n\n\n\n<p class=\"has-text-align-center\">Sous vide tenderloin in rosemary<\/p>\n\n\n\n<p class=\"has-text-align-center\">Spinach roulade with smoked salmon<\/p>\n\n\n\n<p class=\"has-text-align-center\">Grawlax salmon marinated in citrus<\/p>\n\n\n\n<p class=\"has-text-align-center\">Herring trio (apple-cream, onion-olive oil, salas-pomodoro)<\/p>\n\n\n\n<p class=\"has-text-align-center\">Venison p\u00e2t\u00e9 with horseradish mousse<\/p>\n\n\n\n<p class=\"has-text-align-center\">Traditional pork loin baked in marjoram<\/p>\n\n\n\n<p class=\"has-text-align-center\">A selection of Spanish cold cuts and dried sausages<\/p>\n\n\n\n<p class=\"has-text-align-center\">Blue and hard cheeses with grapes and grissini sticks<\/p>\n\n\n\n<p class=\"has-text-align-center\">Grilled halloumi, lamb&#8217;s lettuce, tangerines, roasted cashews<\/p>\n\n\n\n<p class=\"has-text-align-center\">Salad Ni\u00e7oise &#8211; tuna, egg, beans, olives, red onion, lettuce<\/p>\n\n\n\n<p class=\"has-text-align-center\">Salad with half-goose and rose vinaigrette<\/p>\n\n\n\n<p class=\"has-text-align-center\">Marinades and dips<\/p>\n\n\n\n<p class=\"has-text-align-center\">Bread, butter<\/p>\n\n\n\n<p class=\"has-text-align-center\"><strong>Unlimited drinks package<\/strong><\/p>\n\n\n\n<p class=\"has-text-align-center\">Sparkling and still mineral water<\/p>\n\n\n\n<p class=\"has-text-align-center\">Softs (Pepsi, 7 up, Mirinda)<\/p>\n\n\n\n<p class=\"has-text-align-center\">Natural fruit juices (orange, apple, grapefruit)<\/p>\n\n\n\n<p class=\"has-text-align-center\">Coffee and tea with extras<\/p>\n\n\n\n<p class=\"has-text-align-center\"><strong>ADDITIONAL OPTIONS<\/strong><\/p>\n\n\n\n<p class=\"has-text-align-center\"><strong>Alcohols<\/strong><\/p>\n\n\n\n<p class=\"has-text-align-center\">*Tyskie beer on tap &#8211; price PLN 17 0.5l<\/p>\n\n\n\n<p class=\"has-text-align-center\">*Wyborowa vodka &#8211; price PLN 95 \/ bottle. 0.5l<\/p>\n\n\n\n<p class=\"has-text-align-center\">*Frederic Chopin sparkling wine &#8211; price PLN 75\/bottle. 0.75l<\/p>\n\n\n\n<p class=\"has-text-align-center\">*Dry white and red wine &#8211; price PLN 75 \/ bottle. 0.75l<\/p>\n\n\n\n<p class=\"has-text-align-center\">*Ballantines\/Johnny Walker Red Label whiskey \u2013 price PLN 190\/bottle. 0.7l<\/p>\n\n\n\n<p class=\"has-text-align-center\">*Jack Daniels whiskey &#8211; price PLN 250\/bottle. 0.7l<\/p>\n\n\n\n<p class=\"has-text-align-center\">*Own alcohol &#8211; price PLN 28\/person<\/p>\n\n\n\n<p class=\"has-text-align-center\"><strong>Desserts and sweets<\/strong><\/p>\n\n\n\n<p class=\"has-text-align-center\">Occasional cake &#8211; price from PLN 20\/person<\/p>\n\n\n\n<p class=\"has-text-align-center\">(flavor and shape to choose from \u2013 120g\/person)<\/p>\n\n\n\n<p class=\"has-text-align-center\"><strong>Additional hot dish<\/strong><\/p>\n\n\n\n<p class=\"has-text-align-center\">*Roasted pork leg marinated in herbs &#8211; PLN 1,650\/piece, approx. 13 kg, for approx. 40 people.<\/p>\n\n\n\n<p class=\"has-text-align-center\">*Turkey baked in citrus fruits &#8211; PLN 1,350\/piece, approx. 13 kg for approx. 30 people.<\/p>\n\n\n\n<p class=\"has-text-align-center\">Goose baked in oranges \u2013 PLN 600\/piece for approx. 12 people<br><br><\/p>\n\n\n\n<p class=\"has-text-align-center\">The price of the menu includes chair covers, tablecloths, napkins, basic flower decoration, exclusive Filharmonia restaurant<\/p>\n\n\n\n<p class=\"has-text-align-center\">A 10% service fee is added to the bill<\/p>\n\n\n\n<div class=\"download\">\n    <a class=\"download-link\" href=\"https:\/\/www.restauracjafilharmonia.pl\/wp-content\/uploads\/2024\/02\/EN-2024-Restauracja-Filharmonia-OFERTA-ORGANIZACJI-PRZYJECIA-WESELNEGO.doc\" target=\"_blank\">\n        <img decoding=\"async\" class=\"download-icon\" src=\"https:\/\/www.restauracjafilharmonia.pl\/wp-content\/themes\/WL-theme\/assets\/icons\/download.svg\">\n    <\/a>\n<\/div>\n\n<style>\n    .download {\n        margin-inline: auto;\n        margin-top: 2rem;\n        text-align: center;\n    }\n\n    .download-icon {\n        max-width: 50px;\n    }\n<\/style>\n\n\n<div style=\"height:100px\" aria-hidden=\"true\" class=\"wp-block-spacer\"><\/div>\n","protected":false},"excerpt":{"rendered":"<p>WEDDING PARTY ORGANIZATION OFFER &#8211; FILHARMONIA RESTAURANT 2024 A wedding is one of the most important events in the lives of young people and their parents.One of the most important decisions is the choice of the place of the wedding party. To meet the needs of young people, we have prepared unique conditions for a [&hellip;]<\/p>\n","protected":false},"author":1,"featured_media":5206,"parent":5249,"menu_order":0,"comment_status":"closed","ping_status":"closed","template":"","meta":{"_acf_changed":false,"footnotes":""},"acf":[],"yoast_head":"<!-- This site is optimized with the Yoast SEO plugin v22.1 - https:\/\/yoast.com\/wordpress\/plugins\/seo\/ -->\n<title>Wedding party - Restauracja Filharmonia<\/title>\n<meta name=\"robots\" content=\"index, follow, max-snippet:-1, max-image-preview:large, max-video-preview:-1\" \/>\n<link rel=\"canonical\" href=\"https:\/\/www.restauracjafilharmonia.pl\/en\/weddings\/wedding-party\/\" \/>\n<meta property=\"og:locale\" content=\"en_US\" \/>\n<meta property=\"og:type\" content=\"article\" \/>\n<meta property=\"og:title\" content=\"Wedding party - Restauracja Filharmonia\" \/>\n<meta property=\"og:description\" content=\"WEDDING PARTY ORGANIZATION OFFER &#8211; FILHARMONIA RESTAURANT 2024 A wedding is one of the most important events in the lives of young people and their parents.One of the most important decisions is the choice of the place of the wedding party. To meet the needs of young people, we have prepared unique conditions for a [&hellip;]\" \/>\n<meta property=\"og:url\" content=\"https:\/\/www.restauracjafilharmonia.pl\/en\/weddings\/wedding-party\/\" \/>\n<meta property=\"og:site_name\" content=\"Restauracja Filharmonia\" \/>\n<meta property=\"article:modified_time\" content=\"2024-02-02T13:49:20+00:00\" \/>\n<meta property=\"og:image\" content=\"https:\/\/www.restauracjafilharmonia.pl\/wp-content\/uploads\/2024\/01\/banner-imprezy-4-1.jpg\" \/>\n\t<meta property=\"og:image:width\" content=\"2200\" \/>\n\t<meta property=\"og:image:height\" content=\"798\" \/>\n\t<meta property=\"og:image:type\" content=\"image\/jpeg\" \/>\n<meta name=\"twitter:card\" content=\"summary_large_image\" \/>\n<meta name=\"twitter:label1\" content=\"Est. reading time\" \/>\n\t<meta name=\"twitter:data1\" content=\"6 minutes\" \/>\n<script type=\"application\/ld+json\" class=\"yoast-schema-graph\">{\"@context\":\"https:\/\/schema.org\",\"@graph\":[{\"@type\":\"WebPage\",\"@id\":\"https:\/\/www.restauracjafilharmonia.pl\/en\/weddings\/wedding-party\/\",\"url\":\"https:\/\/www.restauracjafilharmonia.pl\/en\/weddings\/wedding-party\/\",\"name\":\"Wedding party - Restauracja Filharmonia\",\"isPartOf\":{\"@id\":\"https:\/\/www.restauracjafilharmonia.pl\/en\/#website\"},\"datePublished\":\"2024-01-29T14:46:15+00:00\",\"dateModified\":\"2024-02-02T13:49:20+00:00\",\"breadcrumb\":{\"@id\":\"https:\/\/www.restauracjafilharmonia.pl\/en\/weddings\/wedding-party\/#breadcrumb\"},\"inLanguage\":\"en-US\",\"potentialAction\":[{\"@type\":\"ReadAction\",\"target\":[\"https:\/\/www.restauracjafilharmonia.pl\/en\/weddings\/wedding-party\/\"]}]},{\"@type\":\"BreadcrumbList\",\"@id\":\"https:\/\/www.restauracjafilharmonia.pl\/en\/weddings\/wedding-party\/#breadcrumb\",\"itemListElement\":[{\"@type\":\"ListItem\",\"position\":1,\"name\":\"Strona g\u0142\u00f3wna\",\"item\":\"https:\/\/www.restauracjafilharmonia.pl\/en\/\"},{\"@type\":\"ListItem\",\"position\":2,\"name\":\"Weddings\",\"item\":\"https:\/\/www.restauracjafilharmonia.pl\/en\/weddings\/\"},{\"@type\":\"ListItem\",\"position\":3,\"name\":\"Wedding party\"}]},{\"@type\":\"WebSite\",\"@id\":\"https:\/\/www.restauracjafilharmonia.pl\/en\/#website\",\"url\":\"https:\/\/www.restauracjafilharmonia.pl\/en\/\",\"name\":\"Restauracja Filharmonia\",\"description\":\"Restauracja Filharmonia zlokalizowana w zabytkowym gda\u0144skim budynku to miejsce, kt\u00f3re proponuje autorskie menu oparte wy\u0142\u0105cznie na \u015bwie\u017cych, sezonowych produktach.\",\"potentialAction\":[{\"@type\":\"SearchAction\",\"target\":{\"@type\":\"EntryPoint\",\"urlTemplate\":\"https:\/\/www.restauracjafilharmonia.pl\/en\/?s={search_term_string}\"},\"query-input\":\"required name=search_term_string\"}],\"inLanguage\":\"en-US\"}]}<\/script>\n<!-- \/ Yoast SEO plugin. -->","yoast_head_json":{"title":"Wedding party - Restauracja Filharmonia","robots":{"index":"index","follow":"follow","max-snippet":"max-snippet:-1","max-image-preview":"max-image-preview:large","max-video-preview":"max-video-preview:-1"},"canonical":"https:\/\/www.restauracjafilharmonia.pl\/en\/weddings\/wedding-party\/","og_locale":"en_US","og_type":"article","og_title":"Wedding party - Restauracja Filharmonia","og_description":"WEDDING PARTY ORGANIZATION OFFER &#8211; FILHARMONIA RESTAURANT 2024 A wedding is one of the most important events in the lives of young people and their parents.One of the most important decisions is the choice of the place of the wedding party. To meet the needs of young people, we have prepared unique conditions for a [&hellip;]","og_url":"https:\/\/www.restauracjafilharmonia.pl\/en\/weddings\/wedding-party\/","og_site_name":"Restauracja Filharmonia","article_modified_time":"2024-02-02T13:49:20+00:00","og_image":[{"width":2200,"height":798,"url":"https:\/\/www.restauracjafilharmonia.pl\/wp-content\/uploads\/2024\/01\/banner-imprezy-4-1.jpg","type":"image\/jpeg"}],"twitter_card":"summary_large_image","twitter_misc":{"Est. reading time":"6 minutes"},"schema":{"@context":"https:\/\/schema.org","@graph":[{"@type":"WebPage","@id":"https:\/\/www.restauracjafilharmonia.pl\/en\/weddings\/wedding-party\/","url":"https:\/\/www.restauracjafilharmonia.pl\/en\/weddings\/wedding-party\/","name":"Wedding party - Restauracja Filharmonia","isPartOf":{"@id":"https:\/\/www.restauracjafilharmonia.pl\/en\/#website"},"datePublished":"2024-01-29T14:46:15+00:00","dateModified":"2024-02-02T13:49:20+00:00","breadcrumb":{"@id":"https:\/\/www.restauracjafilharmonia.pl\/en\/weddings\/wedding-party\/#breadcrumb"},"inLanguage":"en-US","potentialAction":[{"@type":"ReadAction","target":["https:\/\/www.restauracjafilharmonia.pl\/en\/weddings\/wedding-party\/"]}]},{"@type":"BreadcrumbList","@id":"https:\/\/www.restauracjafilharmonia.pl\/en\/weddings\/wedding-party\/#breadcrumb","itemListElement":[{"@type":"ListItem","position":1,"name":"Strona g\u0142\u00f3wna","item":"https:\/\/www.restauracjafilharmonia.pl\/en\/"},{"@type":"ListItem","position":2,"name":"Weddings","item":"https:\/\/www.restauracjafilharmonia.pl\/en\/weddings\/"},{"@type":"ListItem","position":3,"name":"Wedding party"}]},{"@type":"WebSite","@id":"https:\/\/www.restauracjafilharmonia.pl\/en\/#website","url":"https:\/\/www.restauracjafilharmonia.pl\/en\/","name":"Restauracja Filharmonia","description":"Restauracja Filharmonia zlokalizowana w zabytkowym gda\u0144skim budynku to miejsce, kt\u00f3re proponuje autorskie menu oparte wy\u0142\u0105cznie na \u015bwie\u017cych, sezonowych produktach.","potentialAction":[{"@type":"SearchAction","target":{"@type":"EntryPoint","urlTemplate":"https:\/\/www.restauracjafilharmonia.pl\/en\/?s={search_term_string}"},"query-input":"required name=search_term_string"}],"inLanguage":"en-US"}]}},"_links":{"self":[{"href":"https:\/\/www.restauracjafilharmonia.pl\/en\/wp-json\/wp\/v2\/pages\/5255"}],"collection":[{"href":"https:\/\/www.restauracjafilharmonia.pl\/en\/wp-json\/wp\/v2\/pages"}],"about":[{"href":"https:\/\/www.restauracjafilharmonia.pl\/en\/wp-json\/wp\/v2\/types\/page"}],"author":[{"embeddable":true,"href":"https:\/\/www.restauracjafilharmonia.pl\/en\/wp-json\/wp\/v2\/users\/1"}],"replies":[{"embeddable":true,"href":"https:\/\/www.restauracjafilharmonia.pl\/en\/wp-json\/wp\/v2\/comments?post=5255"}],"version-history":[{"count":5,"href":"https:\/\/www.restauracjafilharmonia.pl\/en\/wp-json\/wp\/v2\/pages\/5255\/revisions"}],"predecessor-version":[{"id":5580,"href":"https:\/\/www.restauracjafilharmonia.pl\/en\/wp-json\/wp\/v2\/pages\/5255\/revisions\/5580"}],"up":[{"embeddable":true,"href":"https:\/\/www.restauracjafilharmonia.pl\/en\/wp-json\/wp\/v2\/pages\/5249"}],"wp:featuredmedia":[{"embeddable":true,"href":"https:\/\/www.restauracjafilharmonia.pl\/en\/wp-json\/wp\/v2\/media\/5206"}],"wp:attachment":[{"href":"https:\/\/www.restauracjafilharmonia.pl\/en\/wp-json\/wp\/v2\/media?parent=5255"}],"curies":[{"name":"wp","href":"https:\/\/api.w.org\/{rel}","templated":true}]}}