{"id":3676,"date":"2024-01-19T10:46:05","date_gmt":"2024-01-19T10:46:05","guid":{"rendered":"https:\/\/www.restauracjafilharmonia.pl\/imprezy-rodzinne\/"},"modified":"2024-01-29T14:43:22","modified_gmt":"2024-01-29T14:43:22","slug":"family-events","status":"publish","type":"page","link":"https:\/\/www.restauracjafilharmonia.pl\/en\/family-events\/","title":{"rendered":"Family events"},"content":{"rendered":"\n<p class=\"has-text-align-center\"><\/p>\n\n\n\n<section     class=\"p-t60 p-b100 background-color-white cateringColumns-block\">\n    <div class=\"container container-fluid\">\n\n        <div class=\"catering-post\">\n            \n<div class=\"template_uklad_1\">\n    <div class=\"d-grid justify-content-space-between align-items-stretch grid-columns3 gap25\">\n\n\n        \n                <div class=\"post d-flex flex-column align-items-center\">\n                    <a href=\"https:\/\/www.restauracjafilharmonia.pl\/en\/family-events\/family-events-in-a-restaurant\/\" class=\"w100\">\n                        <img src=\"https:\/\/www.restauracjafilharmonia.pl\/wp-content\/uploads\/2024\/01\/komunia.png\" alt=\"\" loading=\"lazy\" decoding=\"async\"\n                            class=\"rounded-lg rounded-top w100 h100 object-fit-cover\" srcset=\"https:\/\/www.restauracjafilharmonia.pl\/wp-content\/uploads\/2024\/01\/komunia.png\" \/>\n                    <\/a>\n                    <div class=\"content d-flex flex-column justify-space-between p30 w100 background-color-white\">\n                        <h2 class=\"text-left font-title font24 font-weight400 m-b0 m-t25 w100 color-font-dark\">\n                            <a href=\"https:\/\/www.restauracjafilharmonia.pl\/en\/family-events\/family-events-in-a-restaurant\/\" >\n                                In a restaurant                            <\/a>\n                        <\/h2>\n                        <div class=\"excerpt w100 font-basic font14 font-weight500 color-font-dark\">\n                            <p>\n                                                            <\/p>\n                        <\/div>\n                        <a href=\"https:\/\/www.restauracjafilharmonia.pl\/en\/family-events\/family-events-in-a-restaurant\/\"                             class=\"catering__read-more text-uppercase read-more font16 font-weight600 m-t30 w100 d-flex flex-row align-items-center justify-content-end underlineOnHover color-font-dark\"\">See offer                    <span class=\" d-flex align-items-center m-l5\">\n                            <svg width=\"19\" height=\"18\" viewBox=\"0 0 19 18\" fill=\"none\" xmlns=\"http:\/\/www.w3.org\/2000\/svg\">\n    <path d=\"M7.25 13.5L11.75 9L7.25 4.5\" stroke=\"#1A1919\" stroke-width=\"1.5\" stroke-linecap=\"round\"\n        stroke-linejoin=\"round\" \/>\n<\/svg><\/span>\n                        <\/a>\n                    <\/div>\n                <\/div>\n\n            \n                <div class=\"post d-flex flex-column align-items-center\">\n                    <a href=\"https:\/\/www.restauracjafilharmonia.pl\/en\/family-events\/family-events-home-catering\/\" class=\"w100\">\n                        <img src=\"https:\/\/www.restauracjafilharmonia.pl\/wp-content\/uploads\/2024\/01\/restauracja-filharmonia-danie-wrapper-2-1.jpg\" alt=\"\" loading=\"lazy\" decoding=\"async\"\n                            class=\"rounded-lg rounded-top w100 h100 object-fit-cover\" srcset=\"https:\/\/www.restauracjafilharmonia.pl\/wp-content\/uploads\/2024\/01\/restauracja-filharmonia-danie-wrapper-2-1.jpg\" \/>\n                    <\/a>\n                    <div class=\"content d-flex flex-column justify-space-between p30 w100 background-color-white\">\n                        <h2 class=\"text-left font-title font24 font-weight400 m-b0 m-t25 w100 color-font-dark\">\n                            <a href=\"https:\/\/www.restauracjafilharmonia.pl\/en\/family-events\/family-events-home-catering\/\" >\n                                Home catering                            <\/a>\n                        <\/h2>\n                        <div class=\"excerpt w100 font-basic font14 font-weight500 color-font-dark\">\n                            <p>\n                                                            <\/p>\n                        <\/div>\n                        <a href=\"https:\/\/www.restauracjafilharmonia.pl\/en\/family-events\/family-events-home-catering\/\"                             class=\"catering__read-more text-uppercase read-more font16 font-weight600 m-t30 w100 d-flex flex-row align-items-center justify-content-end underlineOnHover color-font-dark\"\">See offer                    <span class=\" d-flex align-items-center m-l5\">\n                            <svg width=\"19\" height=\"18\" viewBox=\"0 0 19 18\" fill=\"none\" xmlns=\"http:\/\/www.w3.org\/2000\/svg\">\n    <path d=\"M7.25 13.5L11.75 9L7.25 4.5\" stroke=\"#1A1919\" stroke-width=\"1.5\" stroke-linecap=\"round\"\n        stroke-linejoin=\"round\" \/>\n<\/svg><\/span>\n                        <\/a>\n                    <\/div>\n                <\/div>\n\n            \n                <div class=\"post d-flex flex-column align-items-center\">\n                    <a href=\"https:\/\/www.restauracjafilharmonia.pl\/en\/family-events\/family-events-grill\/\" class=\"w100\">\n                        <img src=\"https:\/\/www.restauracjafilharmonia.pl\/wp-content\/uploads\/2024\/01\/grill-1.png\" alt=\"\" loading=\"lazy\" decoding=\"async\"\n                            class=\"rounded-lg rounded-top w100 h100 object-fit-cover\" srcset=\"https:\/\/www.restauracjafilharmonia.pl\/wp-content\/uploads\/2024\/01\/grill-1.png\" \/>\n                    <\/a>\n                    <div class=\"content d-flex flex-column justify-space-between p30 w100 background-color-white\">\n                        <h2 class=\"text-left font-title font24 font-weight400 m-b0 m-t25 w100 color-font-dark\">\n                            <a href=\"https:\/\/www.restauracjafilharmonia.pl\/en\/family-events\/family-events-grill\/\" >\n                                Grill                            <\/a>\n                        <\/h2>\n                        <div class=\"excerpt w100 font-basic font14 font-weight500 color-font-dark\">\n                            <p>\n                                                            <\/p>\n                        <\/div>\n                        <a href=\"https:\/\/www.restauracjafilharmonia.pl\/en\/family-events\/family-events-grill\/\"                             class=\"catering__read-more text-uppercase read-more font16 font-weight600 m-t30 w100 d-flex flex-row align-items-center justify-content-end underlineOnHover color-font-dark\"\">See offer                    <span class=\" d-flex align-items-center m-l5\">\n                            <svg width=\"19\" height=\"18\" viewBox=\"0 0 19 18\" fill=\"none\" xmlns=\"http:\/\/www.w3.org\/2000\/svg\">\n    <path d=\"M7.25 13.5L11.75 9L7.25 4.5\" stroke=\"#1A1919\" stroke-width=\"1.5\" stroke-linecap=\"round\"\n        stroke-linejoin=\"round\" \/>\n<\/svg><\/span>\n                        <\/a>\n                    <\/div>\n                <\/div>\n\n            \n    <\/div>\n<\/div>\n\n\n\n<style>\n    .post-date {\n        border-bottom: 1px solid #1A1919;\n        width: fit-content;\n        font-size: 12px;\n    }\n\n    .background-color-white {\n        background-color: white;\n    }\n\n    .post {\n        border: 1px solid #1A1919;\n        border-radius: 32px 32px 0 0;\n        overflow: hidden;\n    }\n\n    .post img {\n        height: 335px;\n        flex-shrink: 0;\n    }\n\n    .post .content {\n        height: 100%;\n    }\n\n    .post .excerpt p {\n        font-family: \"Montserrat\", sans-serif;\n    }\n\n    .catering__read-more {\n        margin-top: auto;\n    }\n\n    @media (max-width:500px) {\n        .post img {\n            height: auto;\n        }\n    }\n<\/style>        <\/div>\n    <\/div>\n<\/section>\n\n<style>\n    .cateringColumns-block {\n        background: white;\n    }\n\n    .underlineOnHover {\n        width: fit-content;\n        margin-left: auto;\n    }\n\n    .cateringColumns-block .headline {\n        font-weight: 400;\n        font-size: 2rem;\n    }\n\n    .cateringColumns-block .read-more {\n        font-family: \"Montserrat\", sans-serif;\n        font-weight: 600;\n    }\n\n    @media (max-width:500px) {\n        .cateringColumns-block {\n            padding-block: 0;\n            padding-bottom: 50px;\n        }\n    }\n<\/style>\n\n\n<div style=\"height:100px\" aria-hidden=\"true\" class=\"wp-block-spacer\"><\/div>\n","protected":false},"excerpt":{"rendered":"","protected":false},"author":1,"featured_media":3142,"parent":0,"menu_order":0,"comment_status":"closed","ping_status":"closed","template":"","meta":{"_acf_changed":false,"footnotes":""},"acf":[],"yoast_head":"<!-- This site is optimized with the Yoast SEO plugin v22.1 - https:\/\/yoast.com\/wordpress\/plugins\/seo\/ -->\n<title>Family events - Restauracja Filharmonia<\/title>\n<meta name=\"robots\" content=\"index, follow, max-snippet:-1, max-image-preview:large, max-video-preview:-1\" \/>\n<link rel=\"canonical\" href=\"https:\/\/www.restauracjafilharmonia.pl\/en\/family-events\/\" \/>\n<meta property=\"og:locale\" content=\"en_US\" \/>\n<meta property=\"og:type\" content=\"article\" \/>\n<meta property=\"og:title\" content=\"Family events - Restauracja Filharmonia\" \/>\n<meta property=\"og:url\" content=\"https:\/\/www.restauracjafilharmonia.pl\/en\/family-events\/\" \/>\n<meta property=\"og:site_name\" content=\"Restauracja Filharmonia\" \/>\n<meta property=\"article:modified_time\" content=\"2024-01-29T14:43:22+00:00\" \/>\n<meta property=\"og:image\" content=\"https:\/\/www.restauracjafilharmonia.pl\/wp-content\/uploads\/2024\/01\/banner-imprezy-rodzinne.jpg\" \/>\n\t<meta property=\"og:image:width\" content=\"2200\" \/>\n\t<meta property=\"og:image:height\" content=\"662\" \/>\n\t<meta property=\"og:image:type\" content=\"image\/jpeg\" \/>\n<meta name=\"twitter:card\" content=\"summary_large_image\" \/>\n<meta name=\"twitter:label1\" content=\"Est. reading time\" \/>\n\t<meta name=\"twitter:data1\" content=\"1 minute\" \/>\n<script type=\"application\/ld+json\" class=\"yoast-schema-graph\">{\"@context\":\"https:\/\/schema.org\",\"@graph\":[{\"@type\":\"WebPage\",\"@id\":\"https:\/\/www.restauracjafilharmonia.pl\/en\/family-events\/\",\"url\":\"https:\/\/www.restauracjafilharmonia.pl\/en\/family-events\/\",\"name\":\"Family events - Restauracja Filharmonia\",\"isPartOf\":{\"@id\":\"https:\/\/www.restauracjafilharmonia.pl\/en\/#website\"},\"datePublished\":\"2024-01-19T10:46:05+00:00\",\"dateModified\":\"2024-01-29T14:43:22+00:00\",\"breadcrumb\":{\"@id\":\"https:\/\/www.restauracjafilharmonia.pl\/en\/family-events\/#breadcrumb\"},\"inLanguage\":\"en-US\",\"potentialAction\":[{\"@type\":\"ReadAction\",\"target\":[\"https:\/\/www.restauracjafilharmonia.pl\/en\/family-events\/\"]}]},{\"@type\":\"BreadcrumbList\",\"@id\":\"https:\/\/www.restauracjafilharmonia.pl\/en\/family-events\/#breadcrumb\",\"itemListElement\":[{\"@type\":\"ListItem\",\"position\":1,\"name\":\"Strona g\u0142\u00f3wna\",\"item\":\"https:\/\/www.restauracjafilharmonia.pl\/en\/\"},{\"@type\":\"ListItem\",\"position\":2,\"name\":\"Family events\"}]},{\"@type\":\"WebSite\",\"@id\":\"https:\/\/www.restauracjafilharmonia.pl\/en\/#website\",\"url\":\"https:\/\/www.restauracjafilharmonia.pl\/en\/\",\"name\":\"Restauracja Filharmonia\",\"description\":\"Restauracja Filharmonia zlokalizowana w zabytkowym gda\u0144skim budynku to miejsce, kt\u00f3re proponuje autorskie menu oparte wy\u0142\u0105cznie na \u015bwie\u017cych, sezonowych produktach.\",\"potentialAction\":[{\"@type\":\"SearchAction\",\"target\":{\"@type\":\"EntryPoint\",\"urlTemplate\":\"https:\/\/www.restauracjafilharmonia.pl\/en\/?s={search_term_string}\"},\"query-input\":\"required name=search_term_string\"}],\"inLanguage\":\"en-US\"}]}<\/script>\n<!-- \/ Yoast SEO plugin. -->","yoast_head_json":{"title":"Family events - Restauracja Filharmonia","robots":{"index":"index","follow":"follow","max-snippet":"max-snippet:-1","max-image-preview":"max-image-preview:large","max-video-preview":"max-video-preview:-1"},"canonical":"https:\/\/www.restauracjafilharmonia.pl\/en\/family-events\/","og_locale":"en_US","og_type":"article","og_title":"Family events - Restauracja Filharmonia","og_url":"https:\/\/www.restauracjafilharmonia.pl\/en\/family-events\/","og_site_name":"Restauracja Filharmonia","article_modified_time":"2024-01-29T14:43:22+00:00","og_image":[{"width":2200,"height":662,"url":"https:\/\/www.restauracjafilharmonia.pl\/wp-content\/uploads\/2024\/01\/banner-imprezy-rodzinne.jpg","type":"image\/jpeg"}],"twitter_card":"summary_large_image","twitter_misc":{"Est. reading time":"1 minute"},"schema":{"@context":"https:\/\/schema.org","@graph":[{"@type":"WebPage","@id":"https:\/\/www.restauracjafilharmonia.pl\/en\/family-events\/","url":"https:\/\/www.restauracjafilharmonia.pl\/en\/family-events\/","name":"Family events - Restauracja Filharmonia","isPartOf":{"@id":"https:\/\/www.restauracjafilharmonia.pl\/en\/#website"},"datePublished":"2024-01-19T10:46:05+00:00","dateModified":"2024-01-29T14:43:22+00:00","breadcrumb":{"@id":"https:\/\/www.restauracjafilharmonia.pl\/en\/family-events\/#breadcrumb"},"inLanguage":"en-US","potentialAction":[{"@type":"ReadAction","target":["https:\/\/www.restauracjafilharmonia.pl\/en\/family-events\/"]}]},{"@type":"BreadcrumbList","@id":"https:\/\/www.restauracjafilharmonia.pl\/en\/family-events\/#breadcrumb","itemListElement":[{"@type":"ListItem","position":1,"name":"Strona g\u0142\u00f3wna","item":"https:\/\/www.restauracjafilharmonia.pl\/en\/"},{"@type":"ListItem","position":2,"name":"Family events"}]},{"@type":"WebSite","@id":"https:\/\/www.restauracjafilharmonia.pl\/en\/#website","url":"https:\/\/www.restauracjafilharmonia.pl\/en\/","name":"Restauracja Filharmonia","description":"Restauracja Filharmonia zlokalizowana w zabytkowym gda\u0144skim budynku to miejsce, kt\u00f3re proponuje autorskie menu oparte wy\u0142\u0105cznie na \u015bwie\u017cych, sezonowych produktach.","potentialAction":[{"@type":"SearchAction","target":{"@type":"EntryPoint","urlTemplate":"https:\/\/www.restauracjafilharmonia.pl\/en\/?s={search_term_string}"},"query-input":"required name=search_term_string"}],"inLanguage":"en-US"}]}},"_links":{"self":[{"href":"https:\/\/www.restauracjafilharmonia.pl\/en\/wp-json\/wp\/v2\/pages\/3676"}],"collection":[{"href":"https:\/\/www.restauracjafilharmonia.pl\/en\/wp-json\/wp\/v2\/pages"}],"about":[{"href":"https:\/\/www.restauracjafilharmonia.pl\/en\/wp-json\/wp\/v2\/types\/page"}],"author":[{"embeddable":true,"href":"https:\/\/www.restauracjafilharmonia.pl\/en\/wp-json\/wp\/v2\/users\/1"}],"replies":[{"embeddable":true,"href":"https:\/\/www.restauracjafilharmonia.pl\/en\/wp-json\/wp\/v2\/comments?post=3676"}],"version-history":[{"count":13,"href":"https:\/\/www.restauracjafilharmonia.pl\/en\/wp-json\/wp\/v2\/pages\/3676\/revisions"}],"predecessor-version":[{"id":5248,"href":"https:\/\/www.restauracjafilharmonia.pl\/en\/wp-json\/wp\/v2\/pages\/3676\/revisions\/5248"}],"wp:featuredmedia":[{"embeddable":true,"href":"https:\/\/www.restauracjafilharmonia.pl\/en\/wp-json\/wp\/v2\/media\/3142"}],"wp:attachment":[{"href":"https:\/\/www.restauracjafilharmonia.pl\/en\/wp-json\/wp\/v2\/media?parent=3676"}],"curies":[{"name":"wp","href":"https:\/\/api.w.org\/{rel}","templated":true}]}}