{"id":3641,"date":"2024-01-04T11:50:38","date_gmt":"2024-01-04T11:50:38","guid":{"rendered":"https:\/\/www.restauracjafilharmonia.pl\/kontakt\/"},"modified":"2024-02-26T11:59:44","modified_gmt":"2024-02-26T11:59:44","slug":"contact","status":"publish","type":"page","link":"https:\/\/www.restauracjafilharmonia.pl\/en\/contact\/","title":{"rendered":"Contact"},"content":{"rendered":"\n<div class=\"wp-block-group is-layout-constrained wp-block-group-is-layout-constrained\"><div class=\"wp-block-group__inner-container\">\n<div style=\"height:40px\" aria-hidden=\"true\" class=\"wp-block-spacer\"><\/div>\n\n\n\n<h2 class=\"wp-block-heading has-text-align-center\"><strong>Reservation form<\/strong><\/h2>\n\n\n\n<div     class=\"shortcode-block kontakt__form-container\">\n    \n<div class=\"wpcf7 no-js\" id=\"wpcf7-f3849-o1\" lang=\"pl-PL\" dir=\"ltr\">\n<div class=\"screen-reader-response\"><p role=\"status\" aria-live=\"polite\" aria-atomic=\"true\"><\/p> <ul><\/ul><\/div>\n<form action=\"\/en\/wp-json\/wp\/v2\/pages\/3641#wpcf7-f3849-o1\" method=\"post\" class=\"wpcf7-form init\" aria-label=\"Formularz kontaktowy\" novalidate=\"novalidate\" data-status=\"init\">\n<div style=\"display: none;\">\n<input type=\"hidden\" name=\"_wpcf7\" value=\"3849\" \/>\n<input type=\"hidden\" name=\"_wpcf7_version\" value=\"5.8.7\" \/>\n<input type=\"hidden\" name=\"_wpcf7_locale\" value=\"pl_PL\" \/>\n<input type=\"hidden\" name=\"_wpcf7_unit_tag\" value=\"wpcf7-f3849-o1\" \/>\n<input type=\"hidden\" name=\"_wpcf7_container_post\" value=\"0\" \/>\n<input type=\"hidden\" name=\"_wpcf7_posted_data_hash\" value=\"\" \/>\n<\/div>\n<div class=\"form-flex\">\n\t<p><label> Select date and time<br \/>\n<span class=\"wpcf7-form-control-wrap\" data-name=\"book-date\"><input size=\"40\" class=\"wpcf7-form-control wpcf7-text wpcf7-validates-as-required walcf7-datetimepicker\" aria-required=\"true\" aria-invalid=\"false\" value=\"\" type=\"text\" name=\"book-date\" \/><\/span><\/label>\n\t<\/p>\n\t<p><label> Number of people<br \/>\n<span class=\"wpcf7-form-control-wrap\" data-name=\"ilosc\"><input size=\"40\" class=\"wpcf7-form-control wpcf7-text wpcf7-validates-as-required\" aria-required=\"true\" aria-invalid=\"false\" value=\"\" type=\"text\" name=\"ilosc\" \/><\/span><\/label>\n\t<\/p>\n<\/div>\n<div class=\"form-flex\">\n\t<p><label> Length of stay<br \/>\n<span class=\"wpcf7-form-control-wrap\" data-name=\"dlugosc\"><input size=\"40\" class=\"wpcf7-form-control wpcf7-text wpcf7-validates-as-required\" aria-required=\"true\" aria-invalid=\"false\" value=\"\" type=\"text\" name=\"dlugosc\" \/><\/span><\/label>\n\t<\/p>\n\t<p><label> Your name<br \/>\n<span class=\"wpcf7-form-control-wrap\" data-name=\"your-name\"><input size=\"40\" class=\"wpcf7-form-control wpcf7-text wpcf7-validates-as-required\" autocomplete=\"name\" aria-required=\"true\" aria-invalid=\"false\" value=\"\" type=\"text\" name=\"your-name\" \/><\/span> <\/label>\n\t<\/p>\n<\/div>\n<div class=\"form-flex\">\n\t<p><label> Phone number<br \/>\n<span class=\"wpcf7-form-control-wrap\" data-name=\"tel-377\"><input size=\"40\" class=\"wpcf7-form-control wpcf7-tel wpcf7-validates-as-required wpcf7-text wpcf7-validates-as-tel\" aria-required=\"true\" aria-invalid=\"false\" value=\"\" type=\"tel\" name=\"tel-377\" \/><\/span><\/label>\n\t<\/p>\n\t<p><label> Email adress<br \/>\n<span class=\"wpcf7-form-control-wrap\" data-name=\"your-email\"><input size=\"40\" class=\"wpcf7-form-control wpcf7-email wpcf7-validates-as-required wpcf7-text wpcf7-validates-as-email\" autocomplete=\"email\" aria-required=\"true\" aria-invalid=\"false\" value=\"\" type=\"email\" name=\"your-email\" \/><\/span> <\/label>\n\t<\/p>\n<\/div>\n<p>If you have additional comments, please contact us.\n<\/p>\n<p><span class=\"wpcf7-form-control-wrap\" data-name=\"acceptance-988\"><span class=\"wpcf7-form-control wpcf7-acceptance\"><span class=\"wpcf7-list-item\"><label><input type=\"checkbox\" name=\"acceptance-988\" value=\"1\" aria-invalid=\"false\" \/><span class=\"wpcf7-list-item-label\">I consent to the processing of my personal data in accordance with the Personal Data Protection Act in connection with the processing of the application. Providing data is voluntary, but necessary to process the inquiry. I have been informed that I have the right to access my data, correct it and request that its processing be stopped.<\/span><\/label><\/span><\/span><\/span>\n<\/p>\n<p><div id=\"cf7sr-6a047f93192a8\" class=\"cf7sr-g-recaptcha\" data-sitekey=\"6LeLC4ApAAAAALAbxPjl36wxSSS2gA2ej64MfiZt\"><\/div><span class=\"wpcf7-form-control-wrap cf7sr-recaptcha\" data-name=\"cf7sr-recaptcha\"><input type=\"hidden\" name=\"cf7sr-recaptcha\" value=\"\" class=\"wpcf7-form-control\"><\/span>\n<\/p>\n<p><input class=\"wpcf7-form-control wpcf7-submit has-spinner\" type=\"submit\" value=\"Reservation\" \/>\n<\/p><div class=\"wpcf7-response-output\" aria-hidden=\"true\"><\/div>\n<\/form>\n<\/div>\n<\/div>\n\n\n<div style=\"height:100px\" aria-hidden=\"true\" class=\"wp-block-spacer\"><\/div>\n\n\n\n<div class=\"wp-block-columns is-layout-flex wp-block-columns-is-layout-flex\">\n<div class=\"wp-block-column is-layout-flow wp-block-column-is-layout-flow\" style=\"flex-basis:33%\">\n<h4 class=\"wp-block-heading has-text-align-center\">PHILHARMONIA RESTAURANT<\/h4>\n\n\n\n<p class=\"has-text-align-center\">str. O\u0142owianka 1, 80-751 Gda\u0144sk<br>phone&nbsp;<a href=\"tel:+48 58 323 83 58\">+48 58 323 83 58<\/a><\/p>\n<\/div>\n\n\n\n<div class=\"wp-block-column is-layout-flow wp-block-column-is-layout-flow\" style=\"flex-basis:33%\">\n<h4 class=\"wp-block-heading has-text-align-center\">RESERVATIONS<\/h4>\n\n\n\n<p class=\"has-text-align-center\">phone\u00a0<a href=\"tel:+48 58 323 83 58\">+48 58 323 83 58<\/a><br><a href=\"email:marketing@restauracjafilharmonia.pl\">marketing@restauracjafilharmonia.pl<\/a><\/p>\n<\/div>\n\n\n\n<div class=\"wp-block-column is-layout-flow wp-block-column-is-layout-flow\" style=\"flex-basis:33.33%\">\n<h4 class=\"wp-block-heading has-text-align-center\">EVENTS, CONFERENCES<\/h4>\n\n\n\n<p class=\"has-text-align-center\"><strong>Anna Laskowska, Karolina Rowi\u0144ska<\/strong><br>phone\u00a0<a href=\"tel:502900338\">+48 502 900 338<\/a><br>phone\u00a0<a href=\"tel:510062900\">+48 510 062 900<\/a><br><a href=\"email:marketing@restauracjafilharmonia.pl\">marketing@restauracjafilharmonia.pl<\/a><br> <a href=\"tel:799000003\">+48 799 000 003<\/a><\/p>\n<\/div>\n<\/div>\n\n\n\n<p class=\"has-text-align-center\"><strong><strong>Open from 12.00 to 22.00, or until the last guest.<\/strong><\/strong><\/p>\n\n\n\n<div style=\"height:45px\" aria-hidden=\"true\" class=\"wp-block-spacer\"><\/div>\n<\/div><\/div>\n\n\n\n<section     class=\"background-color-white google-maps-block\">\n\n    <div class=\"google-maps\">\n        <iframe\n            src=\"https:\/\/www.google.com\/maps\/embed?pb=!1m18!1m12!1m3!1d2325.2569234891275!2d18.657140877036323!3d54.35244079897138!2m3!1f0!2f0!3f0!3m2!1i1024!2i768!4f13.1!3m3!1m2!1s0x46fd730a56c5c7ef%3A0x9d149e8a73d8cf47!2sRestauracja%20Filharmonia!5e0!3m2!1spl!2spl!4v1703838069650!5m2!1spl!2spl\"\n            width=\"100%\" height=\"450\" style=\"border:0;\" allowfullscreen=\"\" loading=\"lazy\"\n            referrerpolicy=\"no-referrer-when-downgrade\" title=\"Google Maps\"><\/iframe>\n\n    <\/div>\n\n<\/section>","protected":false},"excerpt":{"rendered":"<p>Reservation form PHILHARMONIA RESTAURANT str. O\u0142owianka 1, 80-751 Gda\u0144skphone&nbsp;+48 58 323 83 58 RESERVATIONS phone\u00a0+48 58 323 83 58marketing@restauracjafilharmonia.pl EVENTS, CONFERENCES Anna Laskowska, Karolina Rowi\u0144skaphone\u00a0+48 502 900 338phone\u00a0+48 510 062 900marketing@restauracjafilharmonia.pl +48 799 000 003 Open from 12.00 to 22.00, or until the last guest.<\/p>\n","protected":false},"author":1,"featured_media":5775,"parent":0,"menu_order":2,"comment_status":"closed","ping_status":"closed","template":"page-kontakt.php","meta":{"_acf_changed":false,"footnotes":""},"acf":[],"yoast_head":"<!-- This site is optimized with the Yoast SEO plugin v22.1 - https:\/\/yoast.com\/wordpress\/plugins\/seo\/ -->\n<title>Contact - Restauracja Filharmonia<\/title>\n<meta name=\"robots\" content=\"index, follow, max-snippet:-1, max-image-preview:large, max-video-preview:-1\" \/>\n<link rel=\"canonical\" href=\"https:\/\/www.restauracjafilharmonia.pl\/en\/contact\/\" \/>\n<meta property=\"og:locale\" content=\"en_US\" \/>\n<meta property=\"og:type\" content=\"article\" \/>\n<meta property=\"og:title\" content=\"Contact - Restauracja Filharmonia\" \/>\n<meta property=\"og:description\" content=\"Reservation form PHILHARMONIA RESTAURANT str. O\u0142owianka 1, 80-751 Gda\u0144skphone&nbsp;+48 58 323 83 58 RESERVATIONS phone\u00a0+48 58 323 83 58marketing@restauracjafilharmonia.pl EVENTS, CONFERENCES Anna Laskowska, Karolina Rowi\u0144skaphone\u00a0+48 502 900 338phone\u00a0+48 510 062 900marketing@restauracjafilharmonia.pl +48 799 000 003 Open from 12.00 to 22.00, or until the last guest.\" \/>\n<meta property=\"og:url\" content=\"https:\/\/www.restauracjafilharmonia.pl\/en\/contact\/\" \/>\n<meta property=\"og:site_name\" content=\"Restauracja Filharmonia\" \/>\n<meta property=\"article:modified_time\" content=\"2024-02-26T11:59:44+00:00\" \/>\n<meta property=\"og:image\" content=\"https:\/\/www.restauracjafilharmonia.pl\/wp-content\/uploads\/2024\/02\/hero_kontakt_small.jpg\" \/>\n\t<meta property=\"og:image:width\" content=\"1920\" \/>\n\t<meta property=\"og:image:height\" content=\"540\" \/>\n\t<meta property=\"og:image:type\" content=\"image\/jpeg\" \/>\n<meta name=\"twitter:card\" content=\"summary_large_image\" \/>\n<meta name=\"twitter:label1\" content=\"Est. reading time\" \/>\n\t<meta name=\"twitter:data1\" content=\"1 minute\" \/>\n<script type=\"application\/ld+json\" class=\"yoast-schema-graph\">{\"@context\":\"https:\/\/schema.org\",\"@graph\":[{\"@type\":\"WebPage\",\"@id\":\"https:\/\/www.restauracjafilharmonia.pl\/en\/contact\/\",\"url\":\"https:\/\/www.restauracjafilharmonia.pl\/en\/contact\/\",\"name\":\"Contact - Restauracja Filharmonia\",\"isPartOf\":{\"@id\":\"https:\/\/www.restauracjafilharmonia.pl\/en\/#website\"},\"datePublished\":\"2024-01-04T11:50:38+00:00\",\"dateModified\":\"2024-02-26T11:59:44+00:00\",\"breadcrumb\":{\"@id\":\"https:\/\/www.restauracjafilharmonia.pl\/en\/contact\/#breadcrumb\"},\"inLanguage\":\"en-US\",\"potentialAction\":[{\"@type\":\"ReadAction\",\"target\":[\"https:\/\/www.restauracjafilharmonia.pl\/en\/contact\/\"]}]},{\"@type\":\"BreadcrumbList\",\"@id\":\"https:\/\/www.restauracjafilharmonia.pl\/en\/contact\/#breadcrumb\",\"itemListElement\":[{\"@type\":\"ListItem\",\"position\":1,\"name\":\"Strona g\u0142\u00f3wna\",\"item\":\"https:\/\/www.restauracjafilharmonia.pl\/en\/\"},{\"@type\":\"ListItem\",\"position\":2,\"name\":\"Contact\"}]},{\"@type\":\"WebSite\",\"@id\":\"https:\/\/www.restauracjafilharmonia.pl\/en\/#website\",\"url\":\"https:\/\/www.restauracjafilharmonia.pl\/en\/\",\"name\":\"Restauracja Filharmonia\",\"description\":\"Restauracja Filharmonia zlokalizowana w zabytkowym gda\u0144skim budynku to miejsce, kt\u00f3re proponuje autorskie menu oparte wy\u0142\u0105cznie na \u015bwie\u017cych, sezonowych produktach.\",\"potentialAction\":[{\"@type\":\"SearchAction\",\"target\":{\"@type\":\"EntryPoint\",\"urlTemplate\":\"https:\/\/www.restauracjafilharmonia.pl\/en\/?s={search_term_string}\"},\"query-input\":\"required name=search_term_string\"}],\"inLanguage\":\"en-US\"}]}<\/script>\n<!-- \/ Yoast SEO plugin. -->","yoast_head_json":{"title":"Contact - Restauracja Filharmonia","robots":{"index":"index","follow":"follow","max-snippet":"max-snippet:-1","max-image-preview":"max-image-preview:large","max-video-preview":"max-video-preview:-1"},"canonical":"https:\/\/www.restauracjafilharmonia.pl\/en\/contact\/","og_locale":"en_US","og_type":"article","og_title":"Contact - Restauracja Filharmonia","og_description":"Reservation form PHILHARMONIA RESTAURANT str. O\u0142owianka 1, 80-751 Gda\u0144skphone&nbsp;+48 58 323 83 58 RESERVATIONS phone\u00a0+48 58 323 83 58marketing@restauracjafilharmonia.pl EVENTS, CONFERENCES Anna Laskowska, Karolina Rowi\u0144skaphone\u00a0+48 502 900 338phone\u00a0+48 510 062 900marketing@restauracjafilharmonia.pl +48 799 000 003 Open from 12.00 to 22.00, or until the last guest.","og_url":"https:\/\/www.restauracjafilharmonia.pl\/en\/contact\/","og_site_name":"Restauracja Filharmonia","article_modified_time":"2024-02-26T11:59:44+00:00","og_image":[{"width":1920,"height":540,"url":"https:\/\/www.restauracjafilharmonia.pl\/wp-content\/uploads\/2024\/02\/hero_kontakt_small.jpg","type":"image\/jpeg"}],"twitter_card":"summary_large_image","twitter_misc":{"Est. reading time":"1 minute"},"schema":{"@context":"https:\/\/schema.org","@graph":[{"@type":"WebPage","@id":"https:\/\/www.restauracjafilharmonia.pl\/en\/contact\/","url":"https:\/\/www.restauracjafilharmonia.pl\/en\/contact\/","name":"Contact - Restauracja Filharmonia","isPartOf":{"@id":"https:\/\/www.restauracjafilharmonia.pl\/en\/#website"},"datePublished":"2024-01-04T11:50:38+00:00","dateModified":"2024-02-26T11:59:44+00:00","breadcrumb":{"@id":"https:\/\/www.restauracjafilharmonia.pl\/en\/contact\/#breadcrumb"},"inLanguage":"en-US","potentialAction":[{"@type":"ReadAction","target":["https:\/\/www.restauracjafilharmonia.pl\/en\/contact\/"]}]},{"@type":"BreadcrumbList","@id":"https:\/\/www.restauracjafilharmonia.pl\/en\/contact\/#breadcrumb","itemListElement":[{"@type":"ListItem","position":1,"name":"Strona g\u0142\u00f3wna","item":"https:\/\/www.restauracjafilharmonia.pl\/en\/"},{"@type":"ListItem","position":2,"name":"Contact"}]},{"@type":"WebSite","@id":"https:\/\/www.restauracjafilharmonia.pl\/en\/#website","url":"https:\/\/www.restauracjafilharmonia.pl\/en\/","name":"Restauracja Filharmonia","description":"Restauracja Filharmonia zlokalizowana w zabytkowym gda\u0144skim budynku to miejsce, kt\u00f3re proponuje autorskie menu oparte wy\u0142\u0105cznie na \u015bwie\u017cych, sezonowych produktach.","potentialAction":[{"@type":"SearchAction","target":{"@type":"EntryPoint","urlTemplate":"https:\/\/www.restauracjafilharmonia.pl\/en\/?s={search_term_string}"},"query-input":"required name=search_term_string"}],"inLanguage":"en-US"}]}},"_links":{"self":[{"href":"https:\/\/www.restauracjafilharmonia.pl\/en\/wp-json\/wp\/v2\/pages\/3641"}],"collection":[{"href":"https:\/\/www.restauracjafilharmonia.pl\/en\/wp-json\/wp\/v2\/pages"}],"about":[{"href":"https:\/\/www.restauracjafilharmonia.pl\/en\/wp-json\/wp\/v2\/types\/page"}],"author":[{"embeddable":true,"href":"https:\/\/www.restauracjafilharmonia.pl\/en\/wp-json\/wp\/v2\/users\/1"}],"replies":[{"embeddable":true,"href":"https:\/\/www.restauracjafilharmonia.pl\/en\/wp-json\/wp\/v2\/comments?post=3641"}],"version-history":[{"count":16,"href":"https:\/\/www.restauracjafilharmonia.pl\/en\/wp-json\/wp\/v2\/pages\/3641\/revisions"}],"predecessor-version":[{"id":5790,"href":"https:\/\/www.restauracjafilharmonia.pl\/en\/wp-json\/wp\/v2\/pages\/3641\/revisions\/5790"}],"wp:featuredmedia":[{"embeddable":true,"href":"https:\/\/www.restauracjafilharmonia.pl\/en\/wp-json\/wp\/v2\/media\/5775"}],"wp:attachment":[{"href":"https:\/\/www.restauracjafilharmonia.pl\/en\/wp-json\/wp\/v2\/media?parent=3641"}],"curies":[{"name":"wp","href":"https:\/\/api.w.org\/{rel}","templated":true}]}}